{"id":15410,"date":"2025-07-25T17:34:14","date_gmt":"2025-07-25T17:34:14","guid":{"rendered":"https:\/\/thenonamebrand-concept.com\/?post_type=product&#038;p=15410"},"modified":"2026-02-16T17:07:48","modified_gmt":"2026-02-16T17:07:48","slug":"spinus-earcuff","status":"publish","type":"product","link":"https:\/\/thenonamebrand-concept.com\/en\/spinus-earcuff\/","title":{"rendered":"Spinus Earcuff"},"content":{"rendered":"<p>A earcuff Spinus \u00e9 um acess\u00f3rio ousado, que eleva o teu look.<br \/>\nSem necessidade de perfura\u00e7\u00e3o, esta pe\u00e7a adapta-se com leveza e seguran\u00e7a a qualquer orelha, destacando-se pelas pequenas esferas que percorrem a superf\u00edcie e lhe conferem um brilho \u00fanico.<\/p>","protected":false},"excerpt":{"rendered":"<p>A earcuff Spinus \u00e9 um acess\u00f3rio ousado, que eleva o teu look. Sem necessidade de perfura\u00e7\u00e3o, esta pe\u00e7a adapta-se com leveza e seguran\u00e7a a qualquer orelha, destacando-se pelas pequenas esferas que percorrem a superf\u00edcie e lhe conferem um brilho \u00fanico.<\/p>","protected":false},"featured_media":15414,"comment_status":"open","ping_status":"closed","template":"","meta":[],"product_brand":[],"product_cat":[19,17,67],"product_tag":[],"class_list":{"0":"post-15410","1":"product","2":"type-product","3":"status-publish","4":"has-post-thumbnail","6":"product_cat-brincos","7":"product_cat-joalharia","8":"product_cat-spinus","9":"pa_banho-dourado","10":"pa_banho-prateado","12":"first","13":"onbackorder","14":"featured","15":"taxable","16":"shipping-taxable","17":"purchasable","18":"product-type-variable"},"_links":{"self":[{"href":"https:\/\/thenonamebrand-concept.com\/en\/wp-json\/wp\/v2\/product\/15410","targetHints":{"allow":["GET"]}}],"collection":[{"href":"https:\/\/thenonamebrand-concept.com\/en\/wp-json\/wp\/v2\/product"}],"about":[{"href":"https:\/\/thenonamebrand-concept.com\/en\/wp-json\/wp\/v2\/types\/product"}],"replies":[{"embeddable":true,"href":"https:\/\/thenonamebrand-concept.com\/en\/wp-json\/wp\/v2\/comments?post=15410"}],"version-history":[{"count":1,"href":"https:\/\/thenonamebrand-concept.com\/en\/wp-json\/wp\/v2\/product\/15410\/revisions"}],"predecessor-version":[{"id":15418,"href":"https:\/\/thenonamebrand-concept.com\/en\/wp-json\/wp\/v2\/product\/15410\/revisions\/15418"}],"wp:featuredmedia":[{"embeddable":true,"href":"https:\/\/thenonamebrand-concept.com\/en\/wp-json\/wp\/v2\/media\/15414"}],"wp:attachment":[{"href":"https:\/\/thenonamebrand-concept.com\/en\/wp-json\/wp\/v2\/media?parent=15410"}],"wp:term":[{"taxonomy":"product_brand","embeddable":true,"href":"https:\/\/thenonamebrand-concept.com\/en\/wp-json\/wp\/v2\/product_brand?post=15410"},{"taxonomy":"product_cat","embeddable":true,"href":"https:\/\/thenonamebrand-concept.com\/en\/wp-json\/wp\/v2\/product_cat?post=15410"},{"taxonomy":"product_tag","embeddable":true,"href":"https:\/\/thenonamebrand-concept.com\/en\/wp-json\/wp\/v2\/product_tag?post=15410"}],"curies":[{"name":"wp","href":"https:\/\/api.w.org\/{rel}","templated":true}]}}