{"id":11214,"date":"2023-05-23T16:02:34","date_gmt":"2023-05-23T16:02:34","guid":{"rendered":"https:\/\/thenonamebrand-concept.com\/?post_type=product&#038;p=11214"},"modified":"2025-09-02T20:03:16","modified_gmt":"2025-09-02T20:03:16","slug":"caixa-cortica-black","status":"publish","type":"product","link":"https:\/\/thenonamebrand-concept.com\/en\/caixa-cortica-black\/","title":{"rendered":"Black Cork Box"},"content":{"rendered":"<p>Uma pe\u00e7a \u00fanica e exclusiva, super vers\u00e1til.<\/p>","protected":false},"excerpt":{"rendered":"<p>Lorem ipsum dolor sit amet, consectetur adipiscing elit. Morbi velit massa, bibendum ut volutpat quis, sollicitudin a orci.<\/p>","protected":false},"featured_media":12805,"comment_status":"open","ping_status":"closed","template":"","meta":[],"product_brand":[],"product_cat":[131],"product_tag":[],"class_list":{"0":"post-11214","1":"product","2":"type-product","3":"status-publish","4":"has-post-thumbnail","6":"product_cat-goodies-nnb","8":"first","9":"instock","10":"featured","11":"taxable","12":"shipping-taxable","13":"purchasable","14":"product-type-variable"},"_links":{"self":[{"href":"https:\/\/thenonamebrand-concept.com\/en\/wp-json\/wp\/v2\/product\/11214","targetHints":{"allow":["GET"]}}],"collection":[{"href":"https:\/\/thenonamebrand-concept.com\/en\/wp-json\/wp\/v2\/product"}],"about":[{"href":"https:\/\/thenonamebrand-concept.com\/en\/wp-json\/wp\/v2\/types\/product"}],"replies":[{"embeddable":true,"href":"https:\/\/thenonamebrand-concept.com\/en\/wp-json\/wp\/v2\/comments?post=11214"}],"version-history":[{"count":2,"href":"https:\/\/thenonamebrand-concept.com\/en\/wp-json\/wp\/v2\/product\/11214\/revisions"}],"predecessor-version":[{"id":12610,"href":"https:\/\/thenonamebrand-concept.com\/en\/wp-json\/wp\/v2\/product\/11214\/revisions\/12610"}],"wp:featuredmedia":[{"embeddable":true,"href":"https:\/\/thenonamebrand-concept.com\/en\/wp-json\/wp\/v2\/media\/12805"}],"wp:attachment":[{"href":"https:\/\/thenonamebrand-concept.com\/en\/wp-json\/wp\/v2\/media?parent=11214"}],"wp:term":[{"taxonomy":"product_brand","embeddable":true,"href":"https:\/\/thenonamebrand-concept.com\/en\/wp-json\/wp\/v2\/product_brand?post=11214"},{"taxonomy":"product_cat","embeddable":true,"href":"https:\/\/thenonamebrand-concept.com\/en\/wp-json\/wp\/v2\/product_cat?post=11214"},{"taxonomy":"product_tag","embeddable":true,"href":"https:\/\/thenonamebrand-concept.com\/en\/wp-json\/wp\/v2\/product_tag?post=11214"}],"curies":[{"name":"wp","href":"https:\/\/api.w.org\/{rel}","templated":true}]}}