{"id":11003,"date":"2023-03-09T10:59:47","date_gmt":"2023-03-09T10:59:47","guid":{"rendered":"https:\/\/thenonamebrand-concept.com\/?post_type=product&#038;p=11003"},"modified":"2025-08-25T14:37:08","modified_gmt":"2025-08-25T14:37:08","slug":"spinus-brincos-chain","status":"publish","type":"product","link":"https:\/\/thenonamebrand-concept.com\/en\/spinus-brincos-chain\/","title":{"rendered":"Spinus Chain Earrings"},"content":{"rendered":"<p>Uma pe\u00e7a vers\u00e1til, dois looks em um. Com um design minimalista e presen\u00e7a poderosa.<\/p>","protected":false},"excerpt":{"rendered":"<p>Lorem ipsum dolor sit amet, consectetur adipiscing elit. Morbi velit massa, bibendum ut volutpat quis, sollicitudin a orci.<\/p>","protected":false},"featured_media":12089,"comment_status":"open","ping_status":"closed","template":"","meta":[],"product_brand":[],"product_cat":[19,67],"product_tag":[],"class_list":{"0":"post-11003","1":"product","2":"type-product","3":"status-publish","4":"has-post-thumbnail","6":"product_cat-brincos","7":"product_cat-spinus","8":"pa_banho-dourado","9":"pa_banho-mix","10":"pa_banho-prateado","12":"first","13":"onbackorder","14":"featured","15":"taxable","16":"shipping-taxable","17":"purchasable","18":"product-type-variable"},"_links":{"self":[{"href":"https:\/\/thenonamebrand-concept.com\/en\/wp-json\/wp\/v2\/product\/11003","targetHints":{"allow":["GET"]}}],"collection":[{"href":"https:\/\/thenonamebrand-concept.com\/en\/wp-json\/wp\/v2\/product"}],"about":[{"href":"https:\/\/thenonamebrand-concept.com\/en\/wp-json\/wp\/v2\/types\/product"}],"replies":[{"embeddable":true,"href":"https:\/\/thenonamebrand-concept.com\/en\/wp-json\/wp\/v2\/comments?post=11003"}],"version-history":[{"count":5,"href":"https:\/\/thenonamebrand-concept.com\/en\/wp-json\/wp\/v2\/product\/11003\/revisions"}],"predecessor-version":[{"id":13852,"href":"https:\/\/thenonamebrand-concept.com\/en\/wp-json\/wp\/v2\/product\/11003\/revisions\/13852"}],"wp:featuredmedia":[{"embeddable":true,"href":"https:\/\/thenonamebrand-concept.com\/en\/wp-json\/wp\/v2\/media\/12089"}],"wp:attachment":[{"href":"https:\/\/thenonamebrand-concept.com\/en\/wp-json\/wp\/v2\/media?parent=11003"}],"wp:term":[{"taxonomy":"product_brand","embeddable":true,"href":"https:\/\/thenonamebrand-concept.com\/en\/wp-json\/wp\/v2\/product_brand?post=11003"},{"taxonomy":"product_cat","embeddable":true,"href":"https:\/\/thenonamebrand-concept.com\/en\/wp-json\/wp\/v2\/product_cat?post=11003"},{"taxonomy":"product_tag","embeddable":true,"href":"https:\/\/thenonamebrand-concept.com\/en\/wp-json\/wp\/v2\/product_tag?post=11003"}],"curies":[{"name":"wp","href":"https:\/\/api.w.org\/{rel}","templated":true}]}}