{"id":7686,"date":"2022-05-20T08:59:20","date_gmt":"2022-05-20T08:59:20","guid":{"rendered":"http:\/\/thenonamebrand-concept.com\/?page_id=7686"},"modified":"2025-04-02T14:39:01","modified_gmt":"2025-04-02T14:39:01","slug":"certificacao","status":"publish","type":"page","link":"https:\/\/thenonamebrand-concept.com\/en\/certificacao\/","title":{"rendered":"Certification"},"content":{"rendered":"\t\t<div data-elementor-type=\"wp-page\" data-elementor-id=\"7686\" class=\"elementor elementor-7686\" data-elementor-post-type=\"page\">\n\t\t\t\t\t\t<section class=\"elementor-section elementor-top-section elementor-element elementor-element-5e50703 elementor-section-boxed elementor-section-height-default elementor-section-height-default\" data-id=\"5e50703\" data-element_type=\"section\" data-e-type=\"section\">\n\t\t\t\t\t\t<div class=\"elementor-container elementor-column-gap-default\">\n\t\t\t\t\t<div class=\"elementor-column elementor-col-100 elementor-top-column elementor-element elementor-element-d4d735b\" data-id=\"d4d735b\" data-element_type=\"column\" data-e-type=\"column\">\n\t\t\t<div class=\"elementor-widget-wrap elementor-element-populated\">\n\t\t\t\t\t\t<div class=\"elementor-element elementor-element-a215164 elementor-widget elementor-widget-woocommerce-breadcrumb\" data-id=\"a215164\" data-element_type=\"widget\" data-e-type=\"widget\" data-widget_type=\"woocommerce-breadcrumb.default\">\n\t\t\t\t<div class=\"elementor-widget-container\">\n\t\t\t\t\t<nav class=\"woocommerce-breadcrumb\" aria-label=\"Breadcrumb\">home<\/nav>\t\t\t\t<\/div>\n\t\t\t\t<\/div>\n\t\t\t\t<div class=\"elementor-element elementor-element-e363752 elementor-widget elementor-widget-heading\" data-id=\"e363752\" data-element_type=\"widget\" data-e-type=\"widget\" data-widget_type=\"heading.default\">\n\t\t\t\t<div class=\"elementor-widget-container\">\n\t\t\t\t\t<h1 class=\"elementor-heading-title elementor-size-default\">Certifica\u00e7\u00e3o<\/h1>\t\t\t\t<\/div>\n\t\t\t\t<\/div>\n\t\t\t\t<div class=\"elementor-element elementor-element-3ac8a2d elementor-widget elementor-widget-accordion\" data-id=\"3ac8a2d\" data-element_type=\"widget\" data-e-type=\"widget\" data-widget_type=\"accordion.default\">\n\t\t\t\t<div class=\"elementor-widget-container\">\n\t\t\t\t\t\t\t<div class=\"elementor-accordion\">\n\t\t\t\t\t\t\t<div class=\"elementor-accordion-item\">\n\t\t\t\t\t<h2 id=\"elementor-tab-title-6161\" class=\"elementor-tab-title\" data-tab=\"1\" role=\"button\" aria-controls=\"elementor-tab-content-6161\" aria-expanded=\"false\">\n\t\t\t\t\t\t\t\t\t\t\t\t\t<span class=\"elementor-accordion-icon elementor-accordion-icon-left\" aria-hidden=\"true\">\n\t\t\t\t\t\t\t\t\t\t\t\t\t\t\t<span class=\"elementor-accordion-icon-closed\"><svg class=\"e-font-icon-svg e-fas-angle-down\" viewBox=\"0 0 320 512\" xmlns=\"http:\/\/www.w3.org\/2000\/svg\"><path d=\"M143 352.3L7 216.3c-9.4-9.4-9.4-24.6 0-33.9l22.6-22.6c9.4-9.4 24.6-9.4 33.9 0l96.4 96.4 96.4-96.4c9.4-9.4 24.6-9.4 33.9 0l22.6 22.6c9.4 9.4 9.4 24.6 0 33.9l-136 136c-9.2 9.4-24.4 9.4-33.8 0z\"><\/path><\/svg><\/span>\n\t\t\t\t\t\t\t\t<span class=\"elementor-accordion-icon-opened\"><svg class=\"e-font-icon-svg e-fas-angle-up\" viewBox=\"0 0 320 512\" xmlns=\"http:\/\/www.w3.org\/2000\/svg\"><path d=\"M177 159.7l136 136c9.4 9.4 9.4 24.6 0 33.9l-22.6 22.6c-9.4 9.4-24.6 9.4-33.9 0L160 255.9l-96.4 96.4c-9.4 9.4-24.6 9.4-33.9 0L7 329.7c-9.4-9.4-9.4-24.6 0-33.9l136-136c9.4-9.5 24.6-9.5 34-.1z\"><\/path><\/svg><\/span>\n\t\t\t\t\t\t\t\t\t\t\t\t\t\t<\/span>\n\t\t\t\t\t\t\t\t\t\t\t\t<a class=\"elementor-accordion-title\" tabindex=\"0\">Certifica\u00e7\u00e3o<\/a>\n\t\t\t\t\t<\/h2>\n\t\t\t\t\t<div id=\"elementor-tab-content-6161\" class=\"elementor-tab-content elementor-clearfix\" data-tab=\"1\" role=\"region\" aria-labelledby=\"elementor-tab-title-6161\"><p>Todas as nossas pe\u00e7as encontram-se legalmente marcadas e certificadas pela <a href=\"https:\/\/www.contrastaria.pt\/\" target=\"_blank\" rel=\"noopener\">Contrastaria<\/a> do INCM.<\/p><p>As nossas pe\u00e7as s\u00e3o todas desenvolvidas e produzidas em Portugal, com prata 925\u00a0 banhada a ouro ou r\u00f3dio branco.<\/p><p>As pe\u00e7as da NO.NAME.BRAND. s\u00e3o certificadas pelo INCM &#8211; Imprensa Nacional &#8211; Casa da Moeda, S.A. INCM que assim o faz ao assegurar o toque legal (indica\u00e7\u00e3o da quantidade de metal precioso presente na liga) e ao certificar a aplica\u00e7\u00e3o do pun\u00e7\u00e3o de responsabilidade, de fabrico ou equivalente.<\/p><p>A baixo pode consultar o quadro das marcas legais da Contrastaria Portuguesa do INCM Portugu\u00eas, para mais informa\u00e7\u00f5es pode ir <a href=\"https:\/\/contrastaria.pt\/informacao-consumidor\/\" target=\"_blank\" rel=\"noopener\">aqui<\/a>.<\/p><p>\u00a0<\/p><p><img fetchpriority=\"high\" decoding=\"async\" class=\"alignnone size-large wp-image-7694\" src=\"http:\/\/thenonamebrand-concept.com\/wp-content\/uploads\/2022\/05\/Cartaz-A3_Marcas-oficiais_03.03.2021-1024x724.jpg\" alt=\"\" width=\"1024\" height=\"724\" srcset=\"https:\/\/thenonamebrand-concept.com\/wp-content\/uploads\/2022\/05\/Cartaz-A3_Marcas-oficiais_03.03.2021-1024x724.jpg 1024w, https:\/\/thenonamebrand-concept.com\/wp-content\/uploads\/2022\/05\/Cartaz-A3_Marcas-oficiais_03.03.2021-600x424.jpg 600w, https:\/\/thenonamebrand-concept.com\/wp-content\/uploads\/2022\/05\/Cartaz-A3_Marcas-oficiais_03.03.2021-300x212.jpg 300w, https:\/\/thenonamebrand-concept.com\/wp-content\/uploads\/2022\/05\/Cartaz-A3_Marcas-oficiais_03.03.2021-768x543.jpg 768w, https:\/\/thenonamebrand-concept.com\/wp-content\/uploads\/2022\/05\/Cartaz-A3_Marcas-oficiais_03.03.2021-1536x1086.jpg 1536w, https:\/\/thenonamebrand-concept.com\/wp-content\/uploads\/2022\/05\/Cartaz-A3_Marcas-oficiais_03.03.2021-2048x1448.jpg 2048w\" sizes=\"(max-width: 1024px) 100vw, 1024px\" \/><\/p><\/div>\n\t\t\t\t<\/div>\n\t\t\t\t\t\t\t<div class=\"elementor-accordion-item\">\n\t\t\t\t\t<h2 id=\"elementor-tab-title-6162\" class=\"elementor-tab-title\" data-tab=\"2\" role=\"button\" aria-controls=\"elementor-tab-content-6162\" aria-expanded=\"false\">\n\t\t\t\t\t\t\t\t\t\t\t\t\t<span class=\"elementor-accordion-icon elementor-accordion-icon-left\" aria-hidden=\"true\">\n\t\t\t\t\t\t\t\t\t\t\t\t\t\t\t<span class=\"elementor-accordion-icon-closed\"><svg class=\"e-font-icon-svg e-fas-angle-down\" viewBox=\"0 0 320 512\" xmlns=\"http:\/\/www.w3.org\/2000\/svg\"><path d=\"M143 352.3L7 216.3c-9.4-9.4-9.4-24.6 0-33.9l22.6-22.6c9.4-9.4 24.6-9.4 33.9 0l96.4 96.4 96.4-96.4c9.4-9.4 24.6-9.4 33.9 0l22.6 22.6c9.4 9.4 9.4 24.6 0 33.9l-136 136c-9.2 9.4-24.4 9.4-33.8 0z\"><\/path><\/svg><\/span>\n\t\t\t\t\t\t\t\t<span class=\"elementor-accordion-icon-opened\"><svg class=\"e-font-icon-svg e-fas-angle-up\" viewBox=\"0 0 320 512\" xmlns=\"http:\/\/www.w3.org\/2000\/svg\"><path d=\"M177 159.7l136 136c9.4 9.4 9.4 24.6 0 33.9l-22.6 22.6c-9.4 9.4-24.6 9.4-33.9 0L160 255.9l-96.4 96.4c-9.4 9.4-24.6 9.4-33.9 0L7 329.7c-9.4-9.4-9.4-24.6 0-33.9l136-136c9.4-9.5 24.6-9.5 34-.1z\"><\/path><\/svg><\/span>\n\t\t\t\t\t\t\t\t\t\t\t\t\t\t<\/span>\n\t\t\t\t\t\t\t\t\t\t\t\t<a class=\"elementor-accordion-title\" tabindex=\"0\">Aviso Legal<\/a>\n\t\t\t\t\t<\/h2>\n\t\t\t\t\t<div id=\"elementor-tab-content-6162\" class=\"elementor-tab-content elementor-clearfix\" data-tab=\"2\" role=\"region\" aria-labelledby=\"elementor-tab-title-6162\"><p>Todos os artigos se encontram legalmente marcados, quando aplic\u00e1vel;<\/p>\n<p>Todas as pe\u00e7as s\u00e3o produzidas em prata 925, salvo indica\u00e7\u00e3o do contr\u00e1rio;<\/p>\n<p>Em caso de d\u00favida sobre a autenticidade das marcas, o comprador pode recorrer, para efeitos de verifica\u00e7\u00e3o, aos servi\u00e7os das Contrastarias;<\/p>\n<p>Pode aceder \u00e0 informa\u00e7\u00e3o sobre a cota\u00e7\u00e3o di\u00e1ria do ouro, da prata, da platina e do pal\u00e1dio a partir do s\u00edtio da <a href=\"https:\/\/www.lbma.org.uk\/prices-and-data\/precious-metal-prices#\/\" target=\"_blank\" rel=\"noopener\">London Bullion Market Association (LBMA<\/a>) e da <a href=\"https:\/\/www.aorp.pt\/quotes\" target=\"_blank\" rel=\"noopener\">AORP<\/a>;<\/p>\n<p>Pode aceder \u00e0 lista de avaliadores inscritos na INCM a traves deste <a href=\"https:\/\/contrastaria.pt\/informacao-consumidor\/\" target=\"_blank\" rel=\"noopener\">link<\/a>.<\/p>\n<p>O site \u00e9 gerido por Adriana Oliveira, com o n\u00famero de contribuinte PT217075770, CAE 47910, com t\u00edtulo de actividade n\u00famero T9329 de retalhista de ourivesaria.<\/p><\/div>\n\t\t\t\t<\/div>\n\t\t\t\t\t\t\t\t\t\t<script type=\"application\/ld+json\">{\"@context\":\"https:\\\/\\\/schema.org\",\"@type\":\"FAQPage\",\"mainEntity\":[{\"@type\":\"Question\",\"name\":\"Certifica\\u00e7\\u00e3o\",\"acceptedAnswer\":{\"@type\":\"Answer\",\"text\":\"<p>Todas as nossas pe\\u00e7as encontram-se legalmente marcadas e certificadas pela <a href=\\\"https:\\\/\\\/www.contrastaria.pt\\\/\\\">Contrastaria<\\\/a> do INCM.<\\\/p><p>As nossas pe\\u00e7as s\\u00e3o todas desenvolvidas e produzidas em Portugal, com prata 925\\u00a0 banhada a ouro ou r\\u00f3dio branco.<\\\/p><p>As pe\\u00e7as da NO.NAME.BRAND. s\\u00e3o certificadas pelo INCM &#8211; Imprensa Nacional &#8211; Casa da Moeda, S.A. INCM que assim o faz ao assegurar o toque legal (indica\\u00e7\\u00e3o da quantidade de metal precioso presente na liga) e ao certificar a aplica\\u00e7\\u00e3o do pun\\u00e7\\u00e3o de responsabilidade, de fabrico ou equivalente.<\\\/p><p>A baixo pode consultar o quadro das marcas legais da Contrastaria Portuguesa do INCM Portugu\\u00eas, para mais informa\\u00e7\\u00f5es pode ir <a href=\\\"https:\\\/\\\/contrastaria.pt\\\/informacao-consumidor\\\/\\\">aqui<\\\/a>.<\\\/p><p>\\u00a0<\\\/p><p><img class=\\\"alignnone size-large wp-image-7694\\\" src=\\\"http:\\\/\\\/thenonamebrand-concept.com\\\/wp-content\\\/uploads\\\/2022\\\/05\\\/Cartaz-A3_Marcas-oficiais_03.03.2021-1024x724.jpg\\\" alt=\\\"\\\" width=\\\"1024\\\" height=\\\"724\\\" \\\/><\\\/p>\"}},{\"@type\":\"Question\",\"name\":\"Aviso Legal\",\"acceptedAnswer\":{\"@type\":\"Answer\",\"text\":\"<p>Todos os artigos se encontram legalmente marcados, quando aplic\\u00e1vel;<\\\/p>\\n<p>Todas as pe\\u00e7as s\\u00e3o produzidas em prata 925, salvo indica\\u00e7\\u00e3o do contr\\u00e1rio;<\\\/p>\\n<p>Em caso de d\\u00favida sobre a autenticidade das marcas, o comprador pode recorrer, para efeitos de verifica\\u00e7\\u00e3o, aos servi\\u00e7os das Contrastarias;<\\\/p>\\n<p>Pode aceder \\u00e0 informa\\u00e7\\u00e3o sobre a cota\\u00e7\\u00e3o di\\u00e1ria do ouro, da prata, da platina e do pal\\u00e1dio a partir do s\\u00edtio da <a href=\\\"https:\\\/\\\/www.lbma.org.uk\\\/prices-and-data\\\/precious-metal-prices#\\\/\\\">London Bullion Market Association (LBMA<\\\/a>) e da <a href=\\\"https:\\\/\\\/www.aorp.pt\\\/quotes\\\">AORP<\\\/a>;<\\\/p>\\n<p>Pode aceder \\u00e0 lista de avaliadores inscritos na INCM a traves deste <a href=\\\"https:\\\/\\\/contrastaria.pt\\\/informacao-consumidor\\\/\\\">link<\\\/a>.<\\\/p>\\n<p>O site \\u00e9 gerido por Adriana Oliveira, com o n\\u00famero de contribuinte PT217075770, CAE 47910, com t\\u00edtulo de actividade n\\u00famero T9329 de retalhista de ourivesaria.<\\\/p>\"}}]}<\/script>\n\t\t\t\t\t<\/div>\n\t\t\t\t\t\t<\/div>\n\t\t\t\t<\/div>\n\t\t\t\t<div class=\"elementor-element elementor-element-5c2db7c elementor-widget-divider--view-line elementor-widget elementor-widget-divider\" data-id=\"5c2db7c\" data-element_type=\"widget\" data-e-type=\"widget\" data-widget_type=\"divider.default\">\n\t\t\t\t<div class=\"elementor-widget-container\">\n\t\t\t\t\t\t\t<div class=\"elementor-divider\">\n\t\t\t<span class=\"elementor-divider-separator\">\n\t\t\t\t\t\t<\/span>\n\t\t<\/div>\n\t\t\t\t\t\t<\/div>\n\t\t\t\t<\/div>\n\t\t\t\t\t<\/div>\n\t\t<\/div>\n\t\t\t\t\t<\/div>\n\t\t<\/section>\n\t\t\t\t<\/div>\n\t\t","protected":false},"excerpt":{"rendered":"<p>Certifica\u00e7\u00e3o Todas as nossas pe\u00e7as encontram-se legalmente marcadas e certificadas pela Contrastaria do INCM. As nossas pe\u00e7as s\u00e3o todas desenvolvidas e produzidas em Portugal, com prata 925\u00a0 banhada a ouro ou r\u00f3dio branco. As pe\u00e7as da NO.NAME.BRAND. s\u00e3o certificadas pelo INCM &#8211; Imprensa Nacional &#8211; Casa da Moeda, S.A. INCM que assim o faz ao [&hellip;]<\/p>\n","protected":false},"author":1,"featured_media":0,"parent":0,"menu_order":0,"comment_status":"closed","ping_status":"closed","template":"","meta":{"two_page_speed":[],"footnotes":""},"class_list":["post-7686","page","type-page","status-publish","hentry"],"_links":{"self":[{"href":"https:\/\/thenonamebrand-concept.com\/en\/wp-json\/wp\/v2\/pages\/7686","targetHints":{"allow":["GET"]}}],"collection":[{"href":"https:\/\/thenonamebrand-concept.com\/en\/wp-json\/wp\/v2\/pages"}],"about":[{"href":"https:\/\/thenonamebrand-concept.com\/en\/wp-json\/wp\/v2\/types\/page"}],"author":[{"embeddable":true,"href":"https:\/\/thenonamebrand-concept.com\/en\/wp-json\/wp\/v2\/users\/1"}],"replies":[{"embeddable":true,"href":"https:\/\/thenonamebrand-concept.com\/en\/wp-json\/wp\/v2\/comments?post=7686"}],"version-history":[{"count":84,"href":"https:\/\/thenonamebrand-concept.com\/en\/wp-json\/wp\/v2\/pages\/7686\/revisions"}],"predecessor-version":[{"id":12864,"href":"https:\/\/thenonamebrand-concept.com\/en\/wp-json\/wp\/v2\/pages\/7686\/revisions\/12864"}],"wp:attachment":[{"href":"https:\/\/thenonamebrand-concept.com\/en\/wp-json\/wp\/v2\/media?parent=7686"}],"curies":[{"name":"wp","href":"https:\/\/api.w.org\/{rel}","templated":true}]}}