{"id":651,"date":"2021-02-18T12:39:58","date_gmt":"2021-02-18T12:39:58","guid":{"rendered":"http:\/\/thenonamebrand-concept.com\/?page_id=651"},"modified":"2025-09-02T12:22:44","modified_gmt":"2025-09-02T12:22:44","slug":"envios","status":"publish","type":"page","link":"https:\/\/thenonamebrand-concept.com\/en\/envios\/","title":{"rendered":"Shipping"},"content":{"rendered":"\t\t<div data-elementor-type=\"wp-page\" data-elementor-id=\"651\" class=\"elementor elementor-651\" data-elementor-post-type=\"page\">\n\t\t\t\t\t\t<section class=\"elementor-section elementor-top-section elementor-element elementor-element-83b1004 elementor-section-boxed elementor-section-height-default elementor-section-height-default\" data-id=\"83b1004\" data-element_type=\"section\" data-e-type=\"section\">\n\t\t\t\t\t\t<div class=\"elementor-container elementor-column-gap-default\">\n\t\t\t\t\t<div class=\"elementor-column elementor-col-100 elementor-top-column elementor-element elementor-element-8369e23\" data-id=\"8369e23\" data-element_type=\"column\" data-e-type=\"column\">\n\t\t\t<div class=\"elementor-widget-wrap elementor-element-populated\">\n\t\t\t\t\t\t<div class=\"elementor-element elementor-element-465e208 elementor-widget elementor-widget-woocommerce-breadcrumb\" data-id=\"465e208\" data-element_type=\"widget\" data-e-type=\"widget\" data-widget_type=\"woocommerce-breadcrumb.default\">\n\t\t\t\t<div class=\"elementor-widget-container\">\n\t\t\t\t\t<nav class=\"woocommerce-breadcrumb\" aria-label=\"Breadcrumb\">home<\/nav>\t\t\t\t<\/div>\n\t\t\t\t<\/div>\n\t\t\t\t<div class=\"elementor-element elementor-element-322b59e elementor-widget elementor-widget-heading\" data-id=\"322b59e\" data-element_type=\"widget\" data-e-type=\"widget\" data-widget_type=\"heading.default\">\n\t\t\t\t<div class=\"elementor-widget-container\">\n\t\t\t\t\t<h1 class=\"elementor-heading-title elementor-size-default\">Envios<\/h1>\t\t\t\t<\/div>\n\t\t\t\t<\/div>\n\t\t\t\t<div class=\"elementor-element elementor-element-539a864 elementor-widget elementor-widget-accordion\" data-id=\"539a864\" data-element_type=\"widget\" data-e-type=\"widget\" data-widget_type=\"accordion.default\">\n\t\t\t\t<div class=\"elementor-widget-container\">\n\t\t\t\t\t\t\t<div class=\"elementor-accordion\">\n\t\t\t\t\t\t\t<div class=\"elementor-accordion-item\">\n\t\t\t\t\t<h2 id=\"elementor-tab-title-8761\" class=\"elementor-tab-title\" data-tab=\"1\" role=\"button\" aria-controls=\"elementor-tab-content-8761\" aria-expanded=\"false\">\n\t\t\t\t\t\t\t\t\t\t\t\t\t<span class=\"elementor-accordion-icon elementor-accordion-icon-left\" aria-hidden=\"true\">\n\t\t\t\t\t\t\t\t\t\t\t\t\t\t\t<span class=\"elementor-accordion-icon-closed\"><svg class=\"e-font-icon-svg e-fas-angle-down\" viewBox=\"0 0 320 512\" xmlns=\"http:\/\/www.w3.org\/2000\/svg\"><path d=\"M143 352.3L7 216.3c-9.4-9.4-9.4-24.6 0-33.9l22.6-22.6c9.4-9.4 24.6-9.4 33.9 0l96.4 96.4 96.4-96.4c9.4-9.4 24.6-9.4 33.9 0l22.6 22.6c9.4 9.4 9.4 24.6 0 33.9l-136 136c-9.2 9.4-24.4 9.4-33.8 0z\"><\/path><\/svg><\/span>\n\t\t\t\t\t\t\t\t<span class=\"elementor-accordion-icon-opened\"><svg class=\"e-font-icon-svg e-fas-angle-up\" viewBox=\"0 0 320 512\" xmlns=\"http:\/\/www.w3.org\/2000\/svg\"><path d=\"M177 159.7l136 136c9.4 9.4 9.4 24.6 0 33.9l-22.6 22.6c-9.4 9.4-24.6 9.4-33.9 0L160 255.9l-96.4 96.4c-9.4 9.4-24.6 9.4-33.9 0L7 329.7c-9.4-9.4-9.4-24.6 0-33.9l136-136c9.4-9.5 24.6-9.5 34-.1z\"><\/path><\/svg><\/span>\n\t\t\t\t\t\t\t\t\t\t\t\t\t\t<\/span>\n\t\t\t\t\t\t\t\t\t\t\t\t<a class=\"elementor-accordion-title\" tabindex=\"0\">enviamos para todo o mundo?<\/a>\n\t\t\t\t\t<\/h2>\n\t\t\t\t\t<div id=\"elementor-tab-content-8761\" class=\"elementor-tab-content elementor-clearfix\" data-tab=\"1\" role=\"region\" aria-labelledby=\"elementor-tab-title-8761\"><p class=\"p1\">Depois de fazer uma compra a sua encomenda \u00e9 expedida dentro de um dia \u00fatil, com excep\u00e7\u00e3o das pr\u00e9-encomendas. Neste caso os artigos s\u00e3o reservados e enviados a quando da pr\u00e9-encomenda. Se quiser dividir a encomenda para receber os restantes artigos primeiro, contacte-nos para\u00a0<span style=\"text-decoration: underline;\">contact@thenonamebrand-concept.com<\/span>.<\/p><p class=\"p1\">Para saber o custo de envio para o seu pa\u00eds, avance no carrinho para visualizar o valor.<\/p><p class=\"p1\">Devido a limita\u00e7\u00f5es alfandeg\u00e1rias dos pa\u00edses de destino, n\u00e3o enviamos n\u00e3o enviamos para\u00a0a Su\u00ed\u00e7a, o Brasil e a R\u00fassia.<\/p><\/div>\n\t\t\t\t<\/div>\n\t\t\t\t\t\t\t<div class=\"elementor-accordion-item\">\n\t\t\t\t\t<h2 id=\"elementor-tab-title-8762\" class=\"elementor-tab-title\" data-tab=\"2\" role=\"button\" aria-controls=\"elementor-tab-content-8762\" aria-expanded=\"false\">\n\t\t\t\t\t\t\t\t\t\t\t\t\t<span class=\"elementor-accordion-icon elementor-accordion-icon-left\" aria-hidden=\"true\">\n\t\t\t\t\t\t\t\t\t\t\t\t\t\t\t<span class=\"elementor-accordion-icon-closed\"><svg class=\"e-font-icon-svg e-fas-angle-down\" viewBox=\"0 0 320 512\" xmlns=\"http:\/\/www.w3.org\/2000\/svg\"><path d=\"M143 352.3L7 216.3c-9.4-9.4-9.4-24.6 0-33.9l22.6-22.6c9.4-9.4 24.6-9.4 33.9 0l96.4 96.4 96.4-96.4c9.4-9.4 24.6-9.4 33.9 0l22.6 22.6c9.4 9.4 9.4 24.6 0 33.9l-136 136c-9.2 9.4-24.4 9.4-33.8 0z\"><\/path><\/svg><\/span>\n\t\t\t\t\t\t\t\t<span class=\"elementor-accordion-icon-opened\"><svg class=\"e-font-icon-svg e-fas-angle-up\" viewBox=\"0 0 320 512\" xmlns=\"http:\/\/www.w3.org\/2000\/svg\"><path d=\"M177 159.7l136 136c9.4 9.4 9.4 24.6 0 33.9l-22.6 22.6c-9.4 9.4-24.6 9.4-33.9 0L160 255.9l-96.4 96.4c-9.4 9.4-24.6 9.4-33.9 0L7 329.7c-9.4-9.4-9.4-24.6 0-33.9l136-136c9.4-9.5 24.6-9.5 34-.1z\"><\/path><\/svg><\/span>\n\t\t\t\t\t\t\t\t\t\t\t\t\t\t<\/span>\n\t\t\t\t\t\t\t\t\t\t\t\t<a class=\"elementor-accordion-title\" tabindex=\"0\">envios<\/a>\n\t\t\t\t\t<\/h2>\n\t\t\t\t\t<div id=\"elementor-tab-content-8762\" class=\"elementor-tab-content elementor-clearfix\" data-tab=\"2\" role=\"region\" aria-labelledby=\"elementor-tab-title-8762\"><p>Assim que concluir a sua compra ir\u00e1 receber\u00e1 um email com a confirma\u00e7\u00e3o da encomenda, assim como, toda a informa\u00e7\u00e3o relativa ao envio da mesma.<\/p><p><span style=\"color: var( --e-global-color-secondary ); font-style: inherit; letter-spacing: 1.3px;\">O tempo de envio varia de acordo com a sua localiza\u00e7\u00e3o, por favor considere mais tempo no caso da sua encomenda ter de passar pelo servi\u00e7o alfandeg\u00e1rio do seu pa\u00eds ou caso se trate de uma pr\u00e9-encomenda.<\/span><\/p><p><span style=\"color: var( --e-global-color-secondary ); font-style: inherit; letter-spacing: 1.3px;\">No caso das pr\u00e9-encomendas, o per\u00edodo apenas come\u00e7a depois de receber o email com a confirma\u00e7\u00e3o de envio.<\/span><\/p><p><span style=\"color: var( --e-global-color-secondary ); font-style: inherit; letter-spacing: 1.3px;\">\u00a0<\/span><\/p><p><span style=\"color: var( --e-global-color-secondary ); font-style: inherit; letter-spacing: 1.3px;\">Na tabela abaixo pode ver a dura\u00e7\u00e3o m\u00e9dia de envio de acordo com o local onde se encontra.<\/span><\/p><p><span style=\"color: var( --e-global-color-secondary ); font-style: inherit; letter-spacing: 1.3px;\">\u00a0<\/span><\/p><table style=\"text-align: center; width: 100%; table-layout: fixed; font-size: 0.8em; letter-spacing: 1px; line-height: 1em;\"><tbody><tr><th>PA\u00cdS\/ZONA<\/th><th><p><b>TEMPO DE ENTREGA<\/b><\/p><\/th><th><p><b>PRE\u00c7O<\/b><\/p><\/th><th>PORTES GRATUITOS ACIMA DE<\/th><\/tr><tr><td>PORTUGAL<\/td><td>1-2 DIAS \u00daTEIS<\/td><td>3,5 EURO<\/td><td>250 EUROS<\/td><\/tr><tr><td>ESPANHA<\/td><td><span style=\"font-size: 11.2px;\">1-2 DIAS \u00daTEIS<\/span><\/td><td>7,5 EURO<\/td><td><span style=\"font-size: 11.2px;\">250 EUROS<\/span><\/td><\/tr><tr><td>EUROPA<\/td><td><span style=\"font-size: 11.2px;\">DIAS \u00daTEIS<\/span><\/td><td><span style=\"font-size: 11.2px;\">EURO<\/span><\/td><td><span style=\"font-size: 11.2px;\">250 EUROS<\/span><\/td><\/tr><tr><td>17 mm<\/td><td><span style=\"font-size: 11.2px;\">DIAS \u00daTEIS<\/span><\/td><td><span style=\"font-size: 11.2px;\">EURO<\/span><\/td><td><span style=\"font-size: 11.2px;\">250 EUROS<\/span><\/td><\/tr><tr><td>18 mm<\/td><td><span style=\"font-size: 11.2px;\">DIAS \u00daTEIS<\/span><\/td><td><span style=\"font-size: 11.2px;\">EURO<\/span><\/td><td><span style=\"font-size: 11.2px;\">250 EUROS<\/span><\/td><\/tr><tr><td>19 mm<\/td><td><span style=\"font-size: 11.2px;\">DIAS \u00daTEIS<\/span><\/td><td><span style=\"font-size: 11.2px;\">EURO<\/span><\/td><td><span style=\"font-size: 11.2px;\">250 EUROS<\/span><\/td><\/tr><\/tbody><\/table><\/div>\n\t\t\t\t<\/div>\n\t\t\t\t\t\t\t<div class=\"elementor-accordion-item\">\n\t\t\t\t\t<h2 id=\"elementor-tab-title-8763\" class=\"elementor-tab-title\" data-tab=\"3\" role=\"button\" aria-controls=\"elementor-tab-content-8763\" aria-expanded=\"false\">\n\t\t\t\t\t\t\t\t\t\t\t\t\t<span class=\"elementor-accordion-icon elementor-accordion-icon-left\" aria-hidden=\"true\">\n\t\t\t\t\t\t\t\t\t\t\t\t\t\t\t<span class=\"elementor-accordion-icon-closed\"><svg class=\"e-font-icon-svg e-fas-angle-down\" viewBox=\"0 0 320 512\" xmlns=\"http:\/\/www.w3.org\/2000\/svg\"><path d=\"M143 352.3L7 216.3c-9.4-9.4-9.4-24.6 0-33.9l22.6-22.6c9.4-9.4 24.6-9.4 33.9 0l96.4 96.4 96.4-96.4c9.4-9.4 24.6-9.4 33.9 0l22.6 22.6c9.4 9.4 9.4 24.6 0 33.9l-136 136c-9.2 9.4-24.4 9.4-33.8 0z\"><\/path><\/svg><\/span>\n\t\t\t\t\t\t\t\t<span class=\"elementor-accordion-icon-opened\"><svg class=\"e-font-icon-svg e-fas-angle-up\" viewBox=\"0 0 320 512\" xmlns=\"http:\/\/www.w3.org\/2000\/svg\"><path d=\"M177 159.7l136 136c9.4 9.4 9.4 24.6 0 33.9l-22.6 22.6c-9.4 9.4-24.6 9.4-33.9 0L160 255.9l-96.4 96.4c-9.4 9.4-24.6 9.4-33.9 0L7 329.7c-9.4-9.4-9.4-24.6 0-33.9l136-136c9.4-9.5 24.6-9.5 34-.1z\"><\/path><\/svg><\/span>\n\t\t\t\t\t\t\t\t\t\t\t\t\t\t<\/span>\n\t\t\t\t\t\t\t\t\t\t\t\t<a class=\"elementor-accordion-title\" tabindex=\"0\">dados correctos<\/a>\n\t\t\t\t\t<\/h2>\n\t\t\t\t\t<div id=\"elementor-tab-content-8763\" class=\"elementor-tab-content elementor-clearfix\" data-tab=\"3\" role=\"region\" aria-labelledby=\"elementor-tab-title-8763\"><p>Aquando da compra verifique que todos os dados como morada, n\u00famero de porta e contacto telef\u00f3nico se encontram correctos.\u00a0<\/p><p>As entregas s\u00e3o efectuadas de segunda a sexta, se n\u00e3o estiver dispon\u00edvel, certifique-se que tem algu\u00e9m para receber a encomenda ou forne\u00e7a uma morada alternativa aquando da sua compra.<\/p><p>A NO.NAME.BRAND n\u00e3o se responsabiliza por qualquer encomenda perdida por dados incorrectos ou devolu\u00e7\u00f5es por impossibilidade de entrega na morada indicada.\u00a0<\/p><\/div>\n\t\t\t\t<\/div>\n\t\t\t\t\t\t\t\t\t\t<script type=\"application\/ld+json\">{\"@context\":\"https:\\\/\\\/schema.org\",\"@type\":\"FAQPage\",\"mainEntity\":[{\"@type\":\"Question\",\"name\":\"enviamos para todo o mundo?\",\"acceptedAnswer\":{\"@type\":\"Answer\",\"text\":\"<p class=\\\"p1\\\">Depois de fazer uma compra a sua encomenda \\u00e9 expedida dentro de um dia \\u00fatil, com excep\\u00e7\\u00e3o das pr\\u00e9-encomendas. Neste caso os artigos s\\u00e3o reservados e enviados a quando da pr\\u00e9-encomenda. Se quiser dividir a encomenda para receber os restantes artigos primeiro, contacte-nos para\\u00a0<span style=\\\"text-decoration: underline;\\\">contact@thenonamebrand-concept.com<\\\/span>.<\\\/p><p class=\\\"p1\\\">Para saber o custo de envio para o seu pa\\u00eds, avance no carrinho para visualizar o valor.<\\\/p><p class=\\\"p1\\\">Devido a limita\\u00e7\\u00f5es alfandeg\\u00e1rias dos pa\\u00edses de destino, n\\u00e3o enviamos n\\u00e3o enviamos para\\u00a0a Su\\u00ed\\u00e7a, o Brasil e a R\\u00fassia.<\\\/p>\"}},{\"@type\":\"Question\",\"name\":\"envios\",\"acceptedAnswer\":{\"@type\":\"Answer\",\"text\":\"<p>Assim que concluir a sua compra ir\\u00e1 receber\\u00e1 um email com a confirma\\u00e7\\u00e3o da encomenda, assim como, toda a informa\\u00e7\\u00e3o relativa ao envio da mesma.<\\\/p><p><span style=\\\"color: var( --e-global-color-secondary ); font-style: inherit; letter-spacing: 1.3px;\\\">O tempo de envio varia de acordo com a sua localiza\\u00e7\\u00e3o, por favor considere mais tempo no caso da sua encomenda ter de passar pelo servi\\u00e7o alfandeg\\u00e1rio do seu pa\\u00eds ou caso se trate de uma pr\\u00e9-encomenda.<\\\/span><\\\/p><p><span style=\\\"color: var( --e-global-color-secondary ); font-style: inherit; letter-spacing: 1.3px;\\\">No caso das pr\\u00e9-encomendas, o per\\u00edodo apenas come\\u00e7a depois de receber o email com a confirma\\u00e7\\u00e3o de envio.<\\\/span><\\\/p><p><span style=\\\"color: var( --e-global-color-secondary ); font-style: inherit; letter-spacing: 1.3px;\\\">\\u00a0<\\\/span><\\\/p><p><span style=\\\"color: var( --e-global-color-secondary ); font-style: inherit; letter-spacing: 1.3px;\\\">Na tabela abaixo pode ver a dura\\u00e7\\u00e3o m\\u00e9dia de envio de acordo com o local onde se encontra.<\\\/span><\\\/p><p><span style=\\\"color: var( --e-global-color-secondary ); font-style: inherit; letter-spacing: 1.3px;\\\">\\u00a0<\\\/span><\\\/p><table style=\\\"text-align: center; width: 100%; table-layout: fixed; font-size: 0.8em; letter-spacing: 1px; line-height: 1em;\\\"><tbody><tr><th>PA\\u00cdS\\\/ZONA<\\\/th><th><p><b>TEMPO DE ENTREGA<\\\/b><\\\/p><\\\/th><th><p><b>PRE\\u00c7O<\\\/b><\\\/p><\\\/th><th>PORTES GRATUITOS ACIMA DE<\\\/th><\\\/tr><tr><td>PORTUGAL<\\\/td><td>1-2 DIAS \\u00daTEIS<\\\/td><td>3,5 EURO<\\\/td><td>250 EUROS<\\\/td><\\\/tr><tr><td>ESPANHA<\\\/td><td><span style=\\\"font-size: 11.2px;\\\">1-2 DIAS \\u00daTEIS<\\\/span><\\\/td><td>7,5 EURO<\\\/td><td><span style=\\\"font-size: 11.2px;\\\">250 EUROS<\\\/span><\\\/td><\\\/tr><tr><td>EUROPA<\\\/td><td><span style=\\\"font-size: 11.2px;\\\">DIAS \\u00daTEIS<\\\/span><\\\/td><td><span style=\\\"font-size: 11.2px;\\\">EURO<\\\/span><\\\/td><td><span style=\\\"font-size: 11.2px;\\\">250 EUROS<\\\/span><\\\/td><\\\/tr><tr><td>17 mm<\\\/td><td><span style=\\\"font-size: 11.2px;\\\">DIAS \\u00daTEIS<\\\/span><\\\/td><td><span style=\\\"font-size: 11.2px;\\\">EURO<\\\/span><\\\/td><td><span style=\\\"font-size: 11.2px;\\\">250 EUROS<\\\/span><\\\/td><\\\/tr><tr><td>18 mm<\\\/td><td><span style=\\\"font-size: 11.2px;\\\">DIAS \\u00daTEIS<\\\/span><\\\/td><td><span style=\\\"font-size: 11.2px;\\\">EURO<\\\/span><\\\/td><td><span style=\\\"font-size: 11.2px;\\\">250 EUROS<\\\/span><\\\/td><\\\/tr><tr><td>19 mm<\\\/td><td><span style=\\\"font-size: 11.2px;\\\">DIAS \\u00daTEIS<\\\/span><\\\/td><td><span style=\\\"font-size: 11.2px;\\\">EURO<\\\/span><\\\/td><td><span style=\\\"font-size: 11.2px;\\\">250 EUROS<\\\/span><\\\/td><\\\/tr><\\\/tbody><\\\/table>\"}},{\"@type\":\"Question\",\"name\":\"dados correctos\",\"acceptedAnswer\":{\"@type\":\"Answer\",\"text\":\"<p>Aquando da compra verifique que todos os dados como morada, n\\u00famero de porta e contacto telef\\u00f3nico se encontram correctos.\\u00a0<\\\/p><p>As entregas s\\u00e3o efectuadas de segunda a sexta, se n\\u00e3o estiver dispon\\u00edvel, certifique-se que tem algu\\u00e9m para receber a encomenda ou forne\\u00e7a uma morada alternativa aquando da sua compra.<\\\/p><p>A NO.NAME.BRAND n\\u00e3o se responsabiliza por qualquer encomenda perdida por dados incorrectos ou devolu\\u00e7\\u00f5es por impossibilidade de entrega na morada indicada.\\u00a0<\\\/p>\"}}]}<\/script>\n\t\t\t\t\t<\/div>\n\t\t\t\t\t\t<\/div>\n\t\t\t\t<\/div>\n\t\t\t\t<div class=\"elementor-element elementor-element-6abfd81 elementor-widget-divider--view-line elementor-widget elementor-widget-divider\" data-id=\"6abfd81\" data-element_type=\"widget\" data-e-type=\"widget\" data-widget_type=\"divider.default\">\n\t\t\t\t<div class=\"elementor-widget-container\">\n\t\t\t\t\t\t\t<div class=\"elementor-divider\">\n\t\t\t<span class=\"elementor-divider-separator\">\n\t\t\t\t\t\t<\/span>\n\t\t<\/div>\n\t\t\t\t\t\t<\/div>\n\t\t\t\t<\/div>\n\t\t\t\t\t<\/div>\n\t\t<\/div>\n\t\t\t\t\t<\/div>\n\t\t<\/section>\n\t\t\t\t<\/div>\n\t\t","protected":false},"excerpt":{"rendered":"<p>enviamos para todo o mundo? Depois de fazer uma compra a sua encomenda \u00e9 expedida dentro de um dia \u00fatil, com excep\u00e7\u00e3o das pr\u00e9-encomendas. Neste caso os artigos s\u00e3o reservados e enviados a quando da pr\u00e9-encomenda. Se quiser dividir a encomenda para receber os restantes artigos primeiro, contacte-nos para\u00a0contact@thenonamebrand-concept.com. Para saber o custo de envio [&hellip;]<\/p>\n","protected":false},"author":1,"featured_media":0,"parent":0,"menu_order":0,"comment_status":"closed","ping_status":"closed","template":"","meta":{"two_page_speed":[],"footnotes":""},"class_list":["post-651","page","type-page","status-publish","hentry"],"_links":{"self":[{"href":"https:\/\/thenonamebrand-concept.com\/en\/wp-json\/wp\/v2\/pages\/651","targetHints":{"allow":["GET"]}}],"collection":[{"href":"https:\/\/thenonamebrand-concept.com\/en\/wp-json\/wp\/v2\/pages"}],"about":[{"href":"https:\/\/thenonamebrand-concept.com\/en\/wp-json\/wp\/v2\/types\/page"}],"author":[{"embeddable":true,"href":"https:\/\/thenonamebrand-concept.com\/en\/wp-json\/wp\/v2\/users\/1"}],"replies":[{"embeddable":true,"href":"https:\/\/thenonamebrand-concept.com\/en\/wp-json\/wp\/v2\/comments?post=651"}],"version-history":[{"count":85,"href":"https:\/\/thenonamebrand-concept.com\/en\/wp-json\/wp\/v2\/pages\/651\/revisions"}],"predecessor-version":[{"id":15464,"href":"https:\/\/thenonamebrand-concept.com\/en\/wp-json\/wp\/v2\/pages\/651\/revisions\/15464"}],"wp:attachment":[{"href":"https:\/\/thenonamebrand-concept.com\/en\/wp-json\/wp\/v2\/media?parent=651"}],"curies":[{"name":"wp","href":"https:\/\/api.w.org\/{rel}","templated":true}]}}