{"id":643,"date":"2021-02-18T12:20:19","date_gmt":"2021-02-18T12:20:19","guid":{"rendered":"http:\/\/thenonamebrand-concept.com\/?page_id=643"},"modified":"2025-09-02T20:05:34","modified_gmt":"2025-09-02T20:05:34","slug":"politica-de-cookies","status":"publish","type":"page","link":"https:\/\/thenonamebrand-concept.com\/en\/politica-de-cookies\/","title":{"rendered":"Cookie Policy"},"content":{"rendered":"\t\t<div data-elementor-type=\"wp-page\" data-elementor-id=\"643\" class=\"elementor elementor-643\" data-elementor-post-type=\"page\">\n\t\t\t\t\t\t<section class=\"elementor-section elementor-top-section elementor-element elementor-element-89d64a1 elementor-section-boxed elementor-section-height-default elementor-section-height-default\" data-id=\"89d64a1\" data-element_type=\"section\" data-e-type=\"section\">\n\t\t\t\t\t\t<div class=\"elementor-container elementor-column-gap-default\">\n\t\t\t\t\t<div class=\"elementor-column elementor-col-100 elementor-top-column elementor-element elementor-element-03ac509\" data-id=\"03ac509\" data-element_type=\"column\" data-e-type=\"column\">\n\t\t\t<div class=\"elementor-widget-wrap elementor-element-populated\">\n\t\t\t\t\t\t<div class=\"elementor-element elementor-element-cfe7d28 elementor-widget elementor-widget-woocommerce-breadcrumb\" data-id=\"cfe7d28\" data-element_type=\"widget\" data-e-type=\"widget\" data-widget_type=\"woocommerce-breadcrumb.default\">\n\t\t\t\t<div class=\"elementor-widget-container\">\n\t\t\t\t\t<nav class=\"woocommerce-breadcrumb\" aria-label=\"Breadcrumb\">home<\/nav>\t\t\t\t<\/div>\n\t\t\t\t<\/div>\n\t\t\t\t<div class=\"elementor-element elementor-element-eae7da4 elementor-widget elementor-widget-heading\" data-id=\"eae7da4\" data-element_type=\"widget\" data-e-type=\"widget\" data-widget_type=\"heading.default\">\n\t\t\t\t<div class=\"elementor-widget-container\">\n\t\t\t\t\t<h1 class=\"elementor-heading-title elementor-size-default\">Pol\u00edtica de Cookies<\/h1>\t\t\t\t<\/div>\n\t\t\t\t<\/div>\n\t\t\t\t<div class=\"elementor-element elementor-element-9f16cd7 elementor-widget elementor-widget-accordion\" data-id=\"9f16cd7\" data-element_type=\"widget\" data-e-type=\"widget\" data-widget_type=\"accordion.default\">\n\t\t\t\t<div class=\"elementor-widget-container\">\n\t\t\t\t\t\t\t<div class=\"elementor-accordion\">\n\t\t\t\t\t\t\t<div class=\"elementor-accordion-item\">\n\t\t\t\t\t<h2 id=\"elementor-tab-title-1661\" class=\"elementor-tab-title\" data-tab=\"1\" role=\"button\" aria-controls=\"elementor-tab-content-1661\" aria-expanded=\"false\">\n\t\t\t\t\t\t\t\t\t\t\t\t\t<span class=\"elementor-accordion-icon elementor-accordion-icon-left\" aria-hidden=\"true\">\n\t\t\t\t\t\t\t\t\t\t\t\t\t\t\t<span class=\"elementor-accordion-icon-closed\"><svg class=\"e-font-icon-svg e-fas-angle-down\" viewBox=\"0 0 320 512\" xmlns=\"http:\/\/www.w3.org\/2000\/svg\"><path d=\"M143 352.3L7 216.3c-9.4-9.4-9.4-24.6 0-33.9l22.6-22.6c9.4-9.4 24.6-9.4 33.9 0l96.4 96.4 96.4-96.4c9.4-9.4 24.6-9.4 33.9 0l22.6 22.6c9.4 9.4 9.4 24.6 0 33.9l-136 136c-9.2 9.4-24.4 9.4-33.8 0z\"><\/path><\/svg><\/span>\n\t\t\t\t\t\t\t\t<span class=\"elementor-accordion-icon-opened\"><svg class=\"e-font-icon-svg e-fas-angle-up\" viewBox=\"0 0 320 512\" xmlns=\"http:\/\/www.w3.org\/2000\/svg\"><path d=\"M177 159.7l136 136c9.4 9.4 9.4 24.6 0 33.9l-22.6 22.6c-9.4 9.4-24.6 9.4-33.9 0L160 255.9l-96.4 96.4c-9.4 9.4-24.6 9.4-33.9 0L7 329.7c-9.4-9.4-9.4-24.6 0-33.9l136-136c9.4-9.5 24.6-9.5 34-.1z\"><\/path><\/svg><\/span>\n\t\t\t\t\t\t\t\t\t\t\t\t\t\t<\/span>\n\t\t\t\t\t\t\t\t\t\t\t\t<a class=\"elementor-accordion-title\" tabindex=\"0\">o que s\u00e3o cookies?<\/a>\n\t\t\t\t\t<\/h2>\n\t\t\t\t\t<div id=\"elementor-tab-content-1661\" class=\"elementor-tab-content elementor-clearfix\" data-tab=\"1\" role=\"region\" aria-labelledby=\"elementor-tab-title-1661\"><p>\u201cCookies\u201d s\u00e3o pequenas etiquetas de software que s\u00e3o armazenadas no seu computador atrav\u00e9s do navegador (browser), retendo apenas informa\u00e7\u00e3o relacionada com as suas prefer\u00eancias, n\u00e3o incluindo, como tal, os seus dados pessoais.<\/p><\/div>\n\t\t\t\t<\/div>\n\t\t\t\t\t\t\t<div class=\"elementor-accordion-item\">\n\t\t\t\t\t<h2 id=\"elementor-tab-title-1662\" class=\"elementor-tab-title\" data-tab=\"2\" role=\"button\" aria-controls=\"elementor-tab-content-1662\" aria-expanded=\"false\">\n\t\t\t\t\t\t\t\t\t\t\t\t\t<span class=\"elementor-accordion-icon elementor-accordion-icon-left\" aria-hidden=\"true\">\n\t\t\t\t\t\t\t\t\t\t\t\t\t\t\t<span class=\"elementor-accordion-icon-closed\"><svg class=\"e-font-icon-svg e-fas-angle-down\" viewBox=\"0 0 320 512\" xmlns=\"http:\/\/www.w3.org\/2000\/svg\"><path d=\"M143 352.3L7 216.3c-9.4-9.4-9.4-24.6 0-33.9l22.6-22.6c9.4-9.4 24.6-9.4 33.9 0l96.4 96.4 96.4-96.4c9.4-9.4 24.6-9.4 33.9 0l22.6 22.6c9.4 9.4 9.4 24.6 0 33.9l-136 136c-9.2 9.4-24.4 9.4-33.8 0z\"><\/path><\/svg><\/span>\n\t\t\t\t\t\t\t\t<span class=\"elementor-accordion-icon-opened\"><svg class=\"e-font-icon-svg e-fas-angle-up\" viewBox=\"0 0 320 512\" xmlns=\"http:\/\/www.w3.org\/2000\/svg\"><path d=\"M177 159.7l136 136c9.4 9.4 9.4 24.6 0 33.9l-22.6 22.6c-9.4 9.4-24.6 9.4-33.9 0L160 255.9l-96.4 96.4c-9.4 9.4-24.6 9.4-33.9 0L7 329.7c-9.4-9.4-9.4-24.6 0-33.9l136-136c9.4-9.5 24.6-9.5 34-.1z\"><\/path><\/svg><\/span>\n\t\t\t\t\t\t\t\t\t\t\t\t\t\t<\/span>\n\t\t\t\t\t\t\t\t\t\t\t\t<a class=\"elementor-accordion-title\" tabindex=\"0\">para que servem os cookies?<\/a>\n\t\t\t\t\t<\/h2>\n\t\t\t\t\t<div id=\"elementor-tab-content-1662\" class=\"elementor-tab-content elementor-clearfix\" data-tab=\"2\" role=\"region\" aria-labelledby=\"elementor-tab-title-1662\"><p class=\"p1\">Os cookies servem para ajudar a determinar a utilidade, interesse e o n\u00famero de utiliza\u00e7\u00f5es dos seus websites, permitindo uma navega\u00e7\u00e3o mais r\u00e1pida e eficiente, eliminando a necessidade de introduzir repetidamente as mesmas informa\u00e7\u00f5es.<\/p><\/div>\n\t\t\t\t<\/div>\n\t\t\t\t\t\t\t<div class=\"elementor-accordion-item\">\n\t\t\t\t\t<h2 id=\"elementor-tab-title-1663\" class=\"elementor-tab-title\" data-tab=\"3\" role=\"button\" aria-controls=\"elementor-tab-content-1663\" aria-expanded=\"false\">\n\t\t\t\t\t\t\t\t\t\t\t\t\t<span class=\"elementor-accordion-icon elementor-accordion-icon-left\" aria-hidden=\"true\">\n\t\t\t\t\t\t\t\t\t\t\t\t\t\t\t<span class=\"elementor-accordion-icon-closed\"><svg class=\"e-font-icon-svg e-fas-angle-down\" viewBox=\"0 0 320 512\" xmlns=\"http:\/\/www.w3.org\/2000\/svg\"><path d=\"M143 352.3L7 216.3c-9.4-9.4-9.4-24.6 0-33.9l22.6-22.6c9.4-9.4 24.6-9.4 33.9 0l96.4 96.4 96.4-96.4c9.4-9.4 24.6-9.4 33.9 0l22.6 22.6c9.4 9.4 9.4 24.6 0 33.9l-136 136c-9.2 9.4-24.4 9.4-33.8 0z\"><\/path><\/svg><\/span>\n\t\t\t\t\t\t\t\t<span class=\"elementor-accordion-icon-opened\"><svg class=\"e-font-icon-svg e-fas-angle-up\" viewBox=\"0 0 320 512\" xmlns=\"http:\/\/www.w3.org\/2000\/svg\"><path d=\"M177 159.7l136 136c9.4 9.4 9.4 24.6 0 33.9l-22.6 22.6c-9.4 9.4-24.6 9.4-33.9 0L160 255.9l-96.4 96.4c-9.4 9.4-24.6 9.4-33.9 0L7 329.7c-9.4-9.4-9.4-24.6 0-33.9l136-136c9.4-9.5 24.6-9.5 34-.1z\"><\/path><\/svg><\/span>\n\t\t\t\t\t\t\t\t\t\t\t\t\t\t<\/span>\n\t\t\t\t\t\t\t\t\t\t\t\t<a class=\"elementor-accordion-title\" tabindex=\"0\">que tipo de cookies existem?<\/a>\n\t\t\t\t\t<\/h2>\n\t\t\t\t\t<div id=\"elementor-tab-content-1663\" class=\"elementor-tab-content elementor-clearfix\" data-tab=\"3\" role=\"region\" aria-labelledby=\"elementor-tab-title-1663\"><p>Existem dois grupos de cookies que podem ser utilizados:<\/p><p>\u2013 Cookies permanentes \u2013 s\u00e3o cookies que ficam armazenados ao n\u00edvel do browser nos seus equipamentos de acesso (PC, mobile e tablet) e que s\u00e3o utilizados sempre que faz uma nova visita a um dos nossos websites. S\u00e3o utilizados, geralmente, para direccionar a navega\u00e7\u00e3o aos interesses do utilizador, permitindo-nos prestar um servi\u00e7o mais personalizado.<\/p><p>\u2013 Cookies de sess\u00e3o \u2013 s\u00e3o cookies tempor\u00e1rios que permanecem no arquivo de cookies do seu browser at\u00e9 sair do website. A informa\u00e7\u00e3o obtida por estes cookies serve para analisar padr\u00f5es de tr\u00e1fego na web, permitindo-nos identificar problemas e fornecer uma melhor experiencia de navega\u00e7\u00e3o.<\/p><\/div>\n\t\t\t\t<\/div>\n\t\t\t\t\t\t\t<div class=\"elementor-accordion-item\">\n\t\t\t\t\t<h2 id=\"elementor-tab-title-1664\" class=\"elementor-tab-title\" data-tab=\"4\" role=\"button\" aria-controls=\"elementor-tab-content-1664\" aria-expanded=\"false\">\n\t\t\t\t\t\t\t\t\t\t\t\t\t<span class=\"elementor-accordion-icon elementor-accordion-icon-left\" aria-hidden=\"true\">\n\t\t\t\t\t\t\t\t\t\t\t\t\t\t\t<span class=\"elementor-accordion-icon-closed\"><svg class=\"e-font-icon-svg e-fas-angle-down\" viewBox=\"0 0 320 512\" xmlns=\"http:\/\/www.w3.org\/2000\/svg\"><path d=\"M143 352.3L7 216.3c-9.4-9.4-9.4-24.6 0-33.9l22.6-22.6c9.4-9.4 24.6-9.4 33.9 0l96.4 96.4 96.4-96.4c9.4-9.4 24.6-9.4 33.9 0l22.6 22.6c9.4 9.4 9.4 24.6 0 33.9l-136 136c-9.2 9.4-24.4 9.4-33.8 0z\"><\/path><\/svg><\/span>\n\t\t\t\t\t\t\t\t<span class=\"elementor-accordion-icon-opened\"><svg class=\"e-font-icon-svg e-fas-angle-up\" viewBox=\"0 0 320 512\" xmlns=\"http:\/\/www.w3.org\/2000\/svg\"><path d=\"M177 159.7l136 136c9.4 9.4 9.4 24.6 0 33.9l-22.6 22.6c-9.4 9.4-24.6 9.4-33.9 0L160 255.9l-96.4 96.4c-9.4 9.4-24.6 9.4-33.9 0L7 329.7c-9.4-9.4-9.4-24.6 0-33.9l136-136c9.4-9.5 24.6-9.5 34-.1z\"><\/path><\/svg><\/span>\n\t\t\t\t\t\t\t\t\t\t\t\t\t\t<\/span>\n\t\t\t\t\t\t\t\t\t\t\t\t<a class=\"elementor-accordion-title\" tabindex=\"0\">para que fins utilizamos cookies?<\/a>\n\t\t\t\t\t<\/h2>\n\t\t\t\t\t<div id=\"elementor-tab-content-1664\" class=\"elementor-tab-content elementor-clearfix\" data-tab=\"4\" role=\"region\" aria-labelledby=\"elementor-tab-title-1664\"><p>\u2013 Cookies estritamente necess\u00e1rios \u2013 Permitem que navegue no website e utilize as suas aplica\u00e7\u00f5es, bem como aceder a \u00e1reas seguras do website. Sem estes cookies, os servi\u00e7os que tenha requerido n\u00e3o podem ser prestados.<\/p><p>\u2013 Cookies anal\u00edticos \u2013 S\u00e3o utilizados anonimamente para efeitos de cria\u00e7\u00e3o e an\u00e1lise de estat\u00edsticas, no sentido de melhorar o funcionamento do website.<\/p><p>\u2013 Cookies de funcionalidade \u2013 Guardam as prefer\u00eancias do utilizador relativamente \u00e0 utiliza\u00e7\u00e3o do site, para que n\u00e3o seja necess\u00e1rio voltar a configurar o site cada vez que o visita.<\/p><p>\u2013 Cookies de terceiros \u2013 Medem o sucesso de aplica\u00e7\u00f5es e a efic\u00e1cia da publicidade de terceiros. Podem tamb\u00e9m ser utilizados no sentido de personalizar um widget com dados do utilizador.<\/p><p>\u2013 Cookies de publicidade \u2013 Direccionam a publicidade em fun\u00e7\u00e3o dos interesses de cada utilizador, por forma a direccionar as campanhas publicit\u00e1rias tendo em conta os gostos dos utilizadores, sendo que, al\u00e9m disso, limitam a quantidade de vezes que v\u00ea o an\u00fancio, ajudando a medir a efic\u00e1cia da publicidade e o sucesso da organiza\u00e7\u00e3o do website.<\/p><\/div>\n\t\t\t\t<\/div>\n\t\t\t\t\t\t\t<div class=\"elementor-accordion-item\">\n\t\t\t\t\t<h2 id=\"elementor-tab-title-1665\" class=\"elementor-tab-title\" data-tab=\"5\" role=\"button\" aria-controls=\"elementor-tab-content-1665\" aria-expanded=\"false\">\n\t\t\t\t\t\t\t\t\t\t\t\t\t<span class=\"elementor-accordion-icon elementor-accordion-icon-left\" aria-hidden=\"true\">\n\t\t\t\t\t\t\t\t\t\t\t\t\t\t\t<span class=\"elementor-accordion-icon-closed\"><svg class=\"e-font-icon-svg e-fas-angle-down\" viewBox=\"0 0 320 512\" xmlns=\"http:\/\/www.w3.org\/2000\/svg\"><path d=\"M143 352.3L7 216.3c-9.4-9.4-9.4-24.6 0-33.9l22.6-22.6c9.4-9.4 24.6-9.4 33.9 0l96.4 96.4 96.4-96.4c9.4-9.4 24.6-9.4 33.9 0l22.6 22.6c9.4 9.4 9.4 24.6 0 33.9l-136 136c-9.2 9.4-24.4 9.4-33.8 0z\"><\/path><\/svg><\/span>\n\t\t\t\t\t\t\t\t<span class=\"elementor-accordion-icon-opened\"><svg class=\"e-font-icon-svg e-fas-angle-up\" viewBox=\"0 0 320 512\" xmlns=\"http:\/\/www.w3.org\/2000\/svg\"><path d=\"M177 159.7l136 136c9.4 9.4 9.4 24.6 0 33.9l-22.6 22.6c-9.4 9.4-24.6 9.4-33.9 0L160 255.9l-96.4 96.4c-9.4 9.4-24.6 9.4-33.9 0L7 329.7c-9.4-9.4-9.4-24.6 0-33.9l136-136c9.4-9.5 24.6-9.5 34-.1z\"><\/path><\/svg><\/span>\n\t\t\t\t\t\t\t\t\t\t\t\t\t\t<\/span>\n\t\t\t\t\t\t\t\t\t\t\t\t<a class=\"elementor-accordion-title\" tabindex=\"0\">como pode gerir os cookies?<\/a>\n\t\t\t\t\t<\/h2>\n\t\t\t\t\t<div id=\"elementor-tab-content-1665\" class=\"elementor-tab-content elementor-clearfix\" data-tab=\"5\" role=\"region\" aria-labelledby=\"elementor-tab-title-1665\"><p>Todos os browsers permitem ao utilizador aceitar, recusar ou apagar cookies, nomeadamente atrav\u00e9s da selec\u00e7\u00e3o das defini\u00e7\u00f5es apropriadas no respectivo navegador. Pode configurar os cookies no menu \u201cop\u00e7\u00f5es\u201d ou \u201cprefer\u00eancias\u201d do seu browser.<\/p><p>Note-se, no entanto, que, ao desactivar cookies, pode impedir que alguns servi\u00e7os da web funcionem correctamente, afectando, parcial ou totalmente, a navega\u00e7\u00e3o no website.<\/p><h6>\u00a0<\/h6><h6><b>Links<\/b><\/h6><h6>Para obter mais informa\u00e7\u00f5es sobre cookies e a respectiva utiliza\u00e7\u00e3o, sugerimos que consulte o seguinte link:\u00a0<a href=\"http:\/\/www.youronlinechoices.com\/pt\/\" target=\"_self\" rel=\"noopener\" data-trp-translate-id-href=\"678\" data-trp-node-group-href=\"Lista de strings\" data-trp-unpreviewable=\"trp-unpreviewable\" data-trp-original-target=\"_blank\">http:\/\/www.youronlinechoices.com\/pt\/<\/a><\/h6><h6>\u00a0<\/h6><h6><b>Texto de Cookies<\/b><\/h6><p>A\u00a0<span class=\"s2\"><b>NO.NAME.BRAND<\/b><\/span><a target=\"_self\" name=\"_GoBack\" data-trp-original-target=\"_self\"><\/a>\u00a0utiliza pequenos ficheiros de texto, denominados de cookies, para criar uma experi\u00eancia \u00f3ptima na navega\u00e7\u00e3o no nosso website. Ao pressionar \u201cAceitar\u201d est\u00e1 a consentir o alojamento de cookies do nosso website no seu computador ou dispositivo m\u00f3vel.<\/p><p>\u2013 Cookies anal\u00edticos \u2013 S\u00e3o utilizados anonimamente para efeitos de cria\u00e7\u00e3o e an\u00e1lise de estat\u00edsticas, no sentido de melhorar o funcionamento do website.<\/p><p>\u2013 Cookies de funcionalidade \u2013 Guardam as prefer\u00eancias do utilizador relativamente \u00e0 utiliza\u00e7\u00e3o do site, para que n\u00e3o seja necess\u00e1rio voltar a configurar o site cada vez que o visita.<\/p><p>\u2013 Cookies de terceiros \u2013 Medem o sucesso de aplica\u00e7\u00f5es e a efic\u00e1cia da publicidade de terceiros. Podem tamb\u00e9m ser utilizados no sentido de personalizar um widget com dados do utilizador.<\/p><p>\u2013 Cookies de publicidade \u2013 Direccionam a publicidade em fun\u00e7\u00e3o dos interesses de cada utilizador, por forma a direccionar as campanhas publicit\u00e1rias tendo em conta os gostos dos utilizadores, sendo que, al\u00e9m disso, limitam a quantidade de vezes que v\u00ea o an\u00fancio, ajudando a medir a efic\u00e1cia da publicidade e o sucesso da organiza\u00e7\u00e3o do website.<\/p><\/div>\n\t\t\t\t<\/div>\n\t\t\t\t\t\t\t\t\t\t<script type=\"application\/ld+json\">{\"@context\":\"https:\\\/\\\/schema.org\",\"@type\":\"FAQPage\",\"mainEntity\":[{\"@type\":\"Question\",\"name\":\"o que s\\u00e3o cookies?\",\"acceptedAnswer\":{\"@type\":\"Answer\",\"text\":\"<p>\\u201cCookies\\u201d s\\u00e3o pequenas etiquetas de software que s\\u00e3o armazenadas no seu computador atrav\\u00e9s do navegador (browser), retendo apenas informa\\u00e7\\u00e3o relacionada com as suas prefer\\u00eancias, n\\u00e3o incluindo, como tal, os seus dados pessoais.<\\\/p>\"}},{\"@type\":\"Question\",\"name\":\"para que servem os cookies?\",\"acceptedAnswer\":{\"@type\":\"Answer\",\"text\":\"<p class=\\\"p1\\\">Os cookies servem para ajudar a determinar a utilidade, interesse e o n\\u00famero de utiliza\\u00e7\\u00f5es dos seus websites, permitindo uma navega\\u00e7\\u00e3o mais r\\u00e1pida e eficiente, eliminando a necessidade de introduzir repetidamente as mesmas informa\\u00e7\\u00f5es.<\\\/p>\"}},{\"@type\":\"Question\",\"name\":\"que tipo de cookies existem?\",\"acceptedAnswer\":{\"@type\":\"Answer\",\"text\":\"<p>Existem dois grupos de cookies que podem ser utilizados:<\\\/p><p>\\u2013 Cookies permanentes \\u2013 s\\u00e3o cookies que ficam armazenados ao n\\u00edvel do browser nos seus equipamentos de acesso (PC, mobile e tablet) e que s\\u00e3o utilizados sempre que faz uma nova visita a um dos nossos websites. S\\u00e3o utilizados, geralmente, para direccionar a navega\\u00e7\\u00e3o aos interesses do utilizador, permitindo-nos prestar um servi\\u00e7o mais personalizado.<\\\/p><p>\\u2013 Cookies de sess\\u00e3o \\u2013 s\\u00e3o cookies tempor\\u00e1rios que permanecem no arquivo de cookies do seu browser at\\u00e9 sair do website. A informa\\u00e7\\u00e3o obtida por estes cookies serve para analisar padr\\u00f5es de tr\\u00e1fego na web, permitindo-nos identificar problemas e fornecer uma melhor experiencia de navega\\u00e7\\u00e3o.<\\\/p>\"}},{\"@type\":\"Question\",\"name\":\"para que fins utilizamos cookies?\",\"acceptedAnswer\":{\"@type\":\"Answer\",\"text\":\"<p>\\u2013 Cookies estritamente necess\\u00e1rios \\u2013 Permitem que navegue no website e utilize as suas aplica\\u00e7\\u00f5es, bem como aceder a \\u00e1reas seguras do website. Sem estes cookies, os servi\\u00e7os que tenha requerido n\\u00e3o podem ser prestados.<\\\/p><p>\\u2013 Cookies anal\\u00edticos \\u2013 S\\u00e3o utilizados anonimamente para efeitos de cria\\u00e7\\u00e3o e an\\u00e1lise de estat\\u00edsticas, no sentido de melhorar o funcionamento do website.<\\\/p><p>\\u2013 Cookies de funcionalidade \\u2013 Guardam as prefer\\u00eancias do utilizador relativamente \\u00e0 utiliza\\u00e7\\u00e3o do site, para que n\\u00e3o seja necess\\u00e1rio voltar a configurar o site cada vez que o visita.<\\\/p><p>\\u2013 Cookies de terceiros \\u2013 Medem o sucesso de aplica\\u00e7\\u00f5es e a efic\\u00e1cia da publicidade de terceiros. Podem tamb\\u00e9m ser utilizados no sentido de personalizar um widget com dados do utilizador.<\\\/p><p>\\u2013 Cookies de publicidade \\u2013 Direccionam a publicidade em fun\\u00e7\\u00e3o dos interesses de cada utilizador, por forma a direccionar as campanhas publicit\\u00e1rias tendo em conta os gostos dos utilizadores, sendo que, al\\u00e9m disso, limitam a quantidade de vezes que v\\u00ea o an\\u00fancio, ajudando a medir a efic\\u00e1cia da publicidade e o sucesso da organiza\\u00e7\\u00e3o do website.<\\\/p>\"}},{\"@type\":\"Question\",\"name\":\"como pode gerir os cookies?\",\"acceptedAnswer\":{\"@type\":\"Answer\",\"text\":\"<p>Todos os browsers permitem ao utilizador aceitar, recusar ou apagar cookies, nomeadamente atrav\\u00e9s da selec\\u00e7\\u00e3o das defini\\u00e7\\u00f5es apropriadas no respectivo navegador. Pode configurar os cookies no menu \\u201cop\\u00e7\\u00f5es\\u201d ou \\u201cprefer\\u00eancias\\u201d do seu browser.<\\\/p><p>Note-se, no entanto, que, ao desactivar cookies, pode impedir que alguns servi\\u00e7os da web funcionem correctamente, afectando, parcial ou totalmente, a navega\\u00e7\\u00e3o no website.<\\\/p><h6>\\u00a0<\\\/h6><h6><b>Links<\\\/b><\\\/h6><h6>Para obter mais informa\\u00e7\\u00f5es sobre cookies e a respectiva utiliza\\u00e7\\u00e3o, sugerimos que consulte o seguinte link:\\u00a0<a href=\\\"http:\\\/\\\/www.youronlinechoices.com\\\/pt\\\/\\\" target=\\\"_self\\\" rel=\\\"noopener\\\" data-trp-translate-id-href=\\\"678\\\" data-trp-node-group-href=\\\"Lista de strings\\\" data-trp-unpreviewable=\\\"trp-unpreviewable\\\" data-trp-original-target=\\\"_blank\\\">http:\\\/\\\/www.youronlinechoices.com\\\/pt\\\/<\\\/a><\\\/h6><h6>\\u00a0<\\\/h6><h6><b>Texto de Cookies<\\\/b><\\\/h6><p>A\\u00a0<span class=\\\"s2\\\"><b>NO.NAME.BRAND<\\\/b><\\\/span><a target=\\\"_self\\\" name=\\\"_GoBack\\\" data-trp-original-target=\\\"_self\\\"><\\\/a>\\u00a0utiliza pequenos ficheiros de texto, denominados de cookies, para criar uma experi\\u00eancia \\u00f3ptima na navega\\u00e7\\u00e3o no nosso website. Ao pressionar \\u201cAceitar\\u201d est\\u00e1 a consentir o alojamento de cookies do nosso website no seu computador ou dispositivo m\\u00f3vel.<\\\/p><p>\\u2013 Cookies anal\\u00edticos \\u2013 S\\u00e3o utilizados anonimamente para efeitos de cria\\u00e7\\u00e3o e an\\u00e1lise de estat\\u00edsticas, no sentido de melhorar o funcionamento do website.<\\\/p><p>\\u2013 Cookies de funcionalidade \\u2013 Guardam as prefer\\u00eancias do utilizador relativamente \\u00e0 utiliza\\u00e7\\u00e3o do site, para que n\\u00e3o seja necess\\u00e1rio voltar a configurar o site cada vez que o visita.<\\\/p><p>\\u2013 Cookies de terceiros \\u2013 Medem o sucesso de aplica\\u00e7\\u00f5es e a efic\\u00e1cia da publicidade de terceiros. Podem tamb\\u00e9m ser utilizados no sentido de personalizar um widget com dados do utilizador.<\\\/p><p>\\u2013 Cookies de publicidade \\u2013 Direccionam a publicidade em fun\\u00e7\\u00e3o dos interesses de cada utilizador, por forma a direccionar as campanhas publicit\\u00e1rias tendo em conta os gostos dos utilizadores, sendo que, al\\u00e9m disso, limitam a quantidade de vezes que v\\u00ea o an\\u00fancio, ajudando a medir a efic\\u00e1cia da publicidade e o sucesso da organiza\\u00e7\\u00e3o do website.<\\\/p>\"}}]}<\/script>\n\t\t\t\t\t<\/div>\n\t\t\t\t\t\t<\/div>\n\t\t\t\t<\/div>\n\t\t\t\t<div class=\"elementor-element elementor-element-3270648 elementor-widget-divider--view-line elementor-widget elementor-widget-divider\" data-id=\"3270648\" data-element_type=\"widget\" data-e-type=\"widget\" data-widget_type=\"divider.default\">\n\t\t\t\t<div class=\"elementor-widget-container\">\n\t\t\t\t\t\t\t<div class=\"elementor-divider\">\n\t\t\t<span class=\"elementor-divider-separator\">\n\t\t\t\t\t\t<\/span>\n\t\t<\/div>\n\t\t\t\t\t\t<\/div>\n\t\t\t\t<\/div>\n\t\t\t\t\t<\/div>\n\t\t<\/div>\n\t\t\t\t\t<\/div>\n\t\t<\/section>\n\t\t\t\t<\/div>\n\t\t","protected":false},"excerpt":{"rendered":"<p>o que s\u00e3o cookies? \u201cCookies\u201d s\u00e3o pequenas etiquetas de software que s\u00e3o armazenadas no seu computador atrav\u00e9s do navegador (browser), retendo apenas informa\u00e7\u00e3o relacionada com as suas prefer\u00eancias, n\u00e3o incluindo, como tal, os seus dados pessoais. para que servem os cookies? Os cookies servem para ajudar a determinar a utilidade, interesse e o n\u00famero de [&hellip;]<\/p>\n","protected":false},"author":1,"featured_media":0,"parent":0,"menu_order":0,"comment_status":"closed","ping_status":"closed","template":"","meta":{"two_page_speed":[],"footnotes":""},"class_list":["post-643","page","type-page","status-publish","hentry"],"_links":{"self":[{"href":"https:\/\/thenonamebrand-concept.com\/en\/wp-json\/wp\/v2\/pages\/643","targetHints":{"allow":["GET"]}}],"collection":[{"href":"https:\/\/thenonamebrand-concept.com\/en\/wp-json\/wp\/v2\/pages"}],"about":[{"href":"https:\/\/thenonamebrand-concept.com\/en\/wp-json\/wp\/v2\/types\/page"}],"author":[{"embeddable":true,"href":"https:\/\/thenonamebrand-concept.com\/en\/wp-json\/wp\/v2\/users\/1"}],"replies":[{"embeddable":true,"href":"https:\/\/thenonamebrand-concept.com\/en\/wp-json\/wp\/v2\/comments?post=643"}],"version-history":[{"count":7,"href":"https:\/\/thenonamebrand-concept.com\/en\/wp-json\/wp\/v2\/pages\/643\/revisions"}],"predecessor-version":[{"id":15505,"href":"https:\/\/thenonamebrand-concept.com\/en\/wp-json\/wp\/v2\/pages\/643\/revisions\/15505"}],"wp:attachment":[{"href":"https:\/\/thenonamebrand-concept.com\/en\/wp-json\/wp\/v2\/media?parent=643"}],"curies":[{"name":"wp","href":"https:\/\/api.w.org\/{rel}","templated":true}]}}