{"id":409,"date":"2021-02-15T21:46:55","date_gmt":"2021-02-15T21:46:55","guid":{"rendered":"http:\/\/thenonamebrand-concept.com\/?page_id=409"},"modified":"2025-09-02T20:13:11","modified_gmt":"2025-09-02T20:13:11","slug":"guia-tamanhos","status":"publish","type":"page","link":"https:\/\/thenonamebrand-concept.com\/en\/guia-tamanhos\/","title":{"rendered":"Size Guide"},"content":{"rendered":"\t\t<div data-elementor-type=\"wp-page\" data-elementor-id=\"409\" class=\"elementor elementor-409\" data-elementor-post-type=\"page\">\n\t\t\t\t\t\t<section class=\"elementor-section elementor-top-section elementor-element elementor-element-5cce507 elementor-section-boxed elementor-section-height-default elementor-section-height-default\" data-id=\"5cce507\" data-element_type=\"section\" data-e-type=\"section\">\n\t\t\t\t\t\t<div class=\"elementor-container elementor-column-gap-default\">\n\t\t\t\t\t<div class=\"elementor-column elementor-col-100 elementor-top-column elementor-element elementor-element-b8efdbf\" data-id=\"b8efdbf\" data-element_type=\"column\" data-e-type=\"column\">\n\t\t\t<div class=\"elementor-widget-wrap elementor-element-populated\">\n\t\t\t\t\t\t<div class=\"elementor-element elementor-element-8e278a5 elementor-widget elementor-widget-woocommerce-breadcrumb\" data-id=\"8e278a5\" data-element_type=\"widget\" data-e-type=\"widget\" data-widget_type=\"woocommerce-breadcrumb.default\">\n\t\t\t\t<div class=\"elementor-widget-container\">\n\t\t\t\t\t<nav class=\"woocommerce-breadcrumb\" aria-label=\"Breadcrumb\">home<\/nav>\t\t\t\t<\/div>\n\t\t\t\t<\/div>\n\t\t\t\t<div class=\"elementor-element elementor-element-a2416b2 elementor-widget elementor-widget-heading\" data-id=\"a2416b2\" data-element_type=\"widget\" data-e-type=\"widget\" data-widget_type=\"heading.default\">\n\t\t\t\t<div class=\"elementor-widget-container\">\n\t\t\t\t\t<h1 class=\"elementor-heading-title elementor-size-default\">Guia Tamanhos<\/h1>\t\t\t\t<\/div>\n\t\t\t\t<\/div>\n\t\t\t\t<div class=\"elementor-element elementor-element-acaaf90 elementor-widget elementor-widget-accordion\" data-id=\"acaaf90\" data-element_type=\"widget\" data-e-type=\"widget\" data-widget_type=\"accordion.default\">\n\t\t\t\t<div class=\"elementor-widget-container\">\n\t\t\t\t\t\t\t<div class=\"elementor-accordion\">\n\t\t\t\t\t\t\t<div class=\"elementor-accordion-item\">\n\t\t\t\t\t<h2 id=\"elementor-tab-title-1811\" class=\"elementor-tab-title\" data-tab=\"1\" role=\"button\" aria-controls=\"elementor-tab-content-1811\" aria-expanded=\"false\">\n\t\t\t\t\t\t\t\t\t\t\t\t\t<span class=\"elementor-accordion-icon elementor-accordion-icon-left\" aria-hidden=\"true\">\n\t\t\t\t\t\t\t\t\t\t\t\t\t\t\t<span class=\"elementor-accordion-icon-closed\"><svg class=\"e-font-icon-svg e-fas-angle-down\" viewBox=\"0 0 320 512\" xmlns=\"http:\/\/www.w3.org\/2000\/svg\"><path d=\"M143 352.3L7 216.3c-9.4-9.4-9.4-24.6 0-33.9l22.6-22.6c9.4-9.4 24.6-9.4 33.9 0l96.4 96.4 96.4-96.4c9.4-9.4 24.6-9.4 33.9 0l22.6 22.6c9.4 9.4 9.4 24.6 0 33.9l-136 136c-9.2 9.4-24.4 9.4-33.8 0z\"><\/path><\/svg><\/span>\n\t\t\t\t\t\t\t\t<span class=\"elementor-accordion-icon-opened\"><svg class=\"e-font-icon-svg e-fas-angle-up\" viewBox=\"0 0 320 512\" xmlns=\"http:\/\/www.w3.org\/2000\/svg\"><path d=\"M177 159.7l136 136c9.4 9.4 9.4 24.6 0 33.9l-22.6 22.6c-9.4 9.4-24.6 9.4-33.9 0L160 255.9l-96.4 96.4c-9.4 9.4-24.6 9.4-33.9 0L7 329.7c-9.4-9.4-9.4-24.6 0-33.9l136-136c9.4-9.5 24.6-9.5 34-.1z\"><\/path><\/svg><\/span>\n\t\t\t\t\t\t\t\t\t\t\t\t\t\t<\/span>\n\t\t\t\t\t\t\t\t\t\t\t\t<a class=\"elementor-accordion-title\" tabindex=\"0\">como saber o meu tamanho?\u200b<\/a>\n\t\t\t\t\t<\/h2>\n\t\t\t\t\t<div id=\"elementor-tab-content-1811\" class=\"elementor-tab-content elementor-clearfix\" data-tab=\"1\" role=\"region\" aria-labelledby=\"elementor-tab-title-1811\"><p><b>Tem um anel com a medida que pretende?<\/b><\/p><p>Para saber qual o tamanho do anel que pretende comprar, basta pegar no anel cujo tamanho \u00e9 o que pretende e medir o di\u00e2metro interno. Depois de obter a medida basta ver a tabela abaixo e ver a que tamanho corresponde.<\/p><p><b>N\u00e3o tem nenhum anel para medir?<\/b><\/p><p>N\u00e3o h\u00e1 problema, se quer saber qual o tamanho que deve encomendar, \u00e9 f\u00e1cil basta imprimir o\u00a0<a href=\"http:\/\/thenonamebrand-concept.com\/wp-content\/uploads\/2022\/09\/NoNameBrand-Ring-size-guide.pdf\">guia de tamanhos que encontra aqui<\/a>, com escala a 100%, recorta o interior das circunfer\u00eancias e coloca o dedo, desta fora consegue saber qual o di\u00e2metro que necessita e o tamanho a que corresponde esse di\u00e2metro.<\/p><\/div>\n\t\t\t\t<\/div>\n\t\t\t\t\t\t\t<div class=\"elementor-accordion-item\">\n\t\t\t\t\t<h2 id=\"elementor-tab-title-1812\" class=\"elementor-tab-title\" data-tab=\"2\" role=\"button\" aria-controls=\"elementor-tab-content-1812\" aria-expanded=\"false\">\n\t\t\t\t\t\t\t\t\t\t\t\t\t<span class=\"elementor-accordion-icon elementor-accordion-icon-left\" aria-hidden=\"true\">\n\t\t\t\t\t\t\t\t\t\t\t\t\t\t\t<span class=\"elementor-accordion-icon-closed\"><svg class=\"e-font-icon-svg e-fas-angle-down\" viewBox=\"0 0 320 512\" xmlns=\"http:\/\/www.w3.org\/2000\/svg\"><path d=\"M143 352.3L7 216.3c-9.4-9.4-9.4-24.6 0-33.9l22.6-22.6c9.4-9.4 24.6-9.4 33.9 0l96.4 96.4 96.4-96.4c9.4-9.4 24.6-9.4 33.9 0l22.6 22.6c9.4 9.4 9.4 24.6 0 33.9l-136 136c-9.2 9.4-24.4 9.4-33.8 0z\"><\/path><\/svg><\/span>\n\t\t\t\t\t\t\t\t<span class=\"elementor-accordion-icon-opened\"><svg class=\"e-font-icon-svg e-fas-angle-up\" viewBox=\"0 0 320 512\" xmlns=\"http:\/\/www.w3.org\/2000\/svg\"><path d=\"M177 159.7l136 136c9.4 9.4 9.4 24.6 0 33.9l-22.6 22.6c-9.4 9.4-24.6 9.4-33.9 0L160 255.9l-96.4 96.4c-9.4 9.4-24.6 9.4-33.9 0L7 329.7c-9.4-9.4-9.4-24.6 0-33.9l136-136c9.4-9.5 24.6-9.5 34-.1z\"><\/path><\/svg><\/span>\n\t\t\t\t\t\t\t\t\t\t\t\t\t\t<\/span>\n\t\t\t\t\t\t\t\t\t\t\t\t<a class=\"elementor-accordion-title\" tabindex=\"0\">Tabela de tamanhos<\/a>\n\t\t\t\t\t<\/h2>\n\t\t\t\t\t<div id=\"elementor-tab-content-1812\" class=\"elementor-tab-content elementor-clearfix\" data-tab=\"2\" role=\"region\" aria-labelledby=\"elementor-tab-title-1812\"><p>Na tabela abaixo pode ver o di\u00e2metro e circunfer\u00eancia correspondente a cada uma das nossas medidas de an\u00e9is.<\/p><table style=\"text-align: center; width: 100%; table-layout: fixed; font-size: 0.8em; letter-spacing: 1px; line-height: 1em;\"><tbody><tr><th><span style=\"font-size: 11.2px; letter-spacing: 1px;\">Diametro<\/span><br style=\"font-size: 11.2px; letter-spacing: 1px;\" \/><span style=\"font-size: 11.2px; letter-spacing: 1px;\">mm<\/span><\/th><th><p style=\"font-size: 11.2px; font-style: normal; letter-spacing: 1px;\">Circunfer\u00eancia<\/p><p style=\"font-size: 11.2px; font-style: normal; letter-spacing: 1px;\">mm<\/p><\/th><th><p style=\"font-size: 11.2px; font-style: normal; letter-spacing: 1px;\">Diametro<\/p><p style=\"font-size: 11.2px; font-style: normal; letter-spacing: 1px;\">inches<\/p><\/th><th><span style=\"font-size: 11.2px; letter-spacing: 1px;\">PT<\/span><\/th><th><span style=\"font-size: 11.2px; letter-spacing: 1px;\">ES\/IT<\/span><\/th><th><span style=\"font-size: 11.2px; letter-spacing: 1px;\">FR\/GE<\/span><\/th><th><span style=\"font-size: 11.2px; letter-spacing: 1px;\">UK\/AUS<\/span><\/th><th><span style=\"font-size: 11.2px; letter-spacing: 1px;\">CAN<\/span><\/th><th><span style=\"font-size: 11.2px; letter-spacing: 1px;\">USA<\/span><\/th><th><span style=\"font-size: 11.2px; letter-spacing: 1px;\">JP\/CHINA<\/span><\/th><\/tr><\/tbody><tbody><tr><td>14 mm<\/td><td>44.0 mm<\/td><td>1.73 inch<\/td><td>4<\/td><td>4<\/td><td>44<\/td><td>F<\/td><td>3<\/td><td>3<\/td><td>4<\/td><\/tr><tr><td>15<span style=\"letter-spacing: 1.3px;\">\u00a0mm<\/span><\/td><td>47.1\u00a0mm<\/td><td>1.85\u00a0inch<\/td><td>7<\/td><td>7<\/td><td>47<\/td><td>H<\/td><td>4<\/td><td>4<\/td><td>7<\/td><\/tr><tr><td>16<span style=\"letter-spacing: 1.3px;\">\u00a0mm<\/span><\/td><td>50.3\u00a0mm<\/td><td>1.98\u00a0inch<\/td><td>10<\/td><td>10<\/td><td>50<\/td><td>J<\/td><td>5<\/td><td>5<\/td><td>10<\/td><\/tr><tr><td>17<span style=\"letter-spacing: 1.3px;\">\u00a0mm<\/span><\/td><td>53.4\u00a0mm<\/td><td>2.10\u00a0inch<\/td><td>13<\/td><td>13<\/td><td>53<\/td><td>M<\/td><td>6<\/td><td>6<\/td><td>13<\/td><\/tr><tr><td>18<span style=\"letter-spacing: 1.3px;\">\u00a0mm<\/span><\/td><td>56.5\u00a0mm<\/td><td>2.22\u00a0inch<\/td><td>16<\/td><td>16<\/td><td>56<\/td><td>P<\/td><td>7<\/td><td>7<\/td><td>16<\/td><\/tr><tr><td>19<span style=\"letter-spacing: 1.3px;\">\u00a0mm<\/span><\/td><td>59.7\u00a0mm<\/td><td>2.35\u00a0inch<\/td><td>19<\/td><td>19<\/td><td>59<\/td><td>R<\/td><td>8<\/td><td>8<\/td><td>19<\/td><\/tr><tr><td>20<span style=\"letter-spacing: 1.3px;\">\u00a0mm<\/span><\/td><td>62.8\u00a0mm<\/td><td>2.47\u00a0inch<\/td><td>22<\/td><td>22<\/td><td>62<\/td><td>T<\/td><td>9<\/td><td>9<\/td><td>22<\/td><\/tr><tr><td>21<span style=\"letter-spacing: 1.3px;\">\u00a0mm<\/span><\/td><td>66.0\u00a0mm<\/td><td>2.60\u00a0inch<\/td><td>25<\/td><td>25<\/td><td>66<\/td><td>V<\/td><td>10<\/td><td>10<\/td><td>25<\/td><\/tr><\/tbody><\/table><\/div>\n\t\t\t\t<\/div>\n\t\t\t\t\t\t\t<div class=\"elementor-accordion-item\">\n\t\t\t\t\t<h2 id=\"elementor-tab-title-1813\" class=\"elementor-tab-title\" data-tab=\"3\" role=\"button\" aria-controls=\"elementor-tab-content-1813\" aria-expanded=\"false\">\n\t\t\t\t\t\t\t\t\t\t\t\t\t<span class=\"elementor-accordion-icon elementor-accordion-icon-left\" aria-hidden=\"true\">\n\t\t\t\t\t\t\t\t\t\t\t\t\t\t\t<span class=\"elementor-accordion-icon-closed\"><svg class=\"e-font-icon-svg e-fas-angle-down\" viewBox=\"0 0 320 512\" xmlns=\"http:\/\/www.w3.org\/2000\/svg\"><path d=\"M143 352.3L7 216.3c-9.4-9.4-9.4-24.6 0-33.9l22.6-22.6c9.4-9.4 24.6-9.4 33.9 0l96.4 96.4 96.4-96.4c9.4-9.4 24.6-9.4 33.9 0l22.6 22.6c9.4 9.4 9.4 24.6 0 33.9l-136 136c-9.2 9.4-24.4 9.4-33.8 0z\"><\/path><\/svg><\/span>\n\t\t\t\t\t\t\t\t<span class=\"elementor-accordion-icon-opened\"><svg class=\"e-font-icon-svg e-fas-angle-up\" viewBox=\"0 0 320 512\" xmlns=\"http:\/\/www.w3.org\/2000\/svg\"><path d=\"M177 159.7l136 136c9.4 9.4 9.4 24.6 0 33.9l-22.6 22.6c-9.4 9.4-24.6 9.4-33.9 0L160 255.9l-96.4 96.4c-9.4 9.4-24.6 9.4-33.9 0L7 329.7c-9.4-9.4-9.4-24.6 0-33.9l136-136c9.4-9.5 24.6-9.5 34-.1z\"><\/path><\/svg><\/span>\n\t\t\t\t\t\t\t\t\t\t\t\t\t\t<\/span>\n\t\t\t\t\t\t\t\t\t\t\t\t<a class=\"elementor-accordion-title\" tabindex=\"0\">Ter em aten\u00e7\u00e3o<\/a>\n\t\t\t\t\t<\/h2>\n\t\t\t\t\t<div id=\"elementor-tab-content-1813\" class=\"elementor-tab-content elementor-clearfix\" data-tab=\"3\" role=\"region\" aria-labelledby=\"elementor-tab-title-1813\"><p>As flutua\u00e7\u00f5es de tamanho como incha\u00e7o ou retrac\u00e7\u00e3o dos tecidos podem ocorrer em per\u00edodos espec\u00edficos como a gravidez, dieta ou medica\u00e7\u00e3o.<\/p><p>De acordo com o momento do dia em que tira a medida os valores podem flutuar, pelo que aconselhamos a realizar medi\u00e7\u00f5es em diferentes momentos do dia para garantir um tamanho mais confort\u00e1vel.<\/p><p>Se o anel que pretende tiver uma largura superior ao medidor que est\u00e1 a utilizar, o tamanho seleccionado dever\u00e1 ser cerca de um tamanho acima. Os an\u00e9is mais largos ficar\u00e3o mais apertados no dedo em compara\u00e7\u00e3o a modelos mais estreitos.<\/p><\/div>\n\t\t\t\t<\/div>\n\t\t\t\t\t\t\t\t\t\t<script type=\"application\/ld+json\">{\"@context\":\"https:\\\/\\\/schema.org\",\"@type\":\"FAQPage\",\"mainEntity\":[{\"@type\":\"Question\",\"name\":\"como saber o meu tamanho?\\u200b\",\"acceptedAnswer\":{\"@type\":\"Answer\",\"text\":\"<p><b>Tem um anel com a medida que pretende?<\\\/b><\\\/p><p>Para saber qual o tamanho do anel que pretende comprar, basta pegar no anel cujo tamanho \\u00e9 o que pretende e medir o di\\u00e2metro interno. Depois de obter a medida basta ver a tabela abaixo e ver a que tamanho corresponde.<\\\/p><p><b>N\\u00e3o tem nenhum anel para medir?<\\\/b><\\\/p><p>N\\u00e3o h\\u00e1 problema, se quer saber qual o tamanho que deve encomendar, \\u00e9 f\\u00e1cil basta imprimir o\\u00a0<a href=\\\"http:\\\/\\\/thenonamebrand-concept.com\\\/wp-content\\\/uploads\\\/2022\\\/09\\\/NoNameBrand-Ring-size-guide.pdf\\\">guia de tamanhos que encontra aqui<\\\/a>, com escala a 100%, recorta o interior das circunfer\\u00eancias e coloca o dedo, desta fora consegue saber qual o di\\u00e2metro que necessita e o tamanho a que corresponde esse di\\u00e2metro.<\\\/p>\"}},{\"@type\":\"Question\",\"name\":\"Tabela de tamanhos\",\"acceptedAnswer\":{\"@type\":\"Answer\",\"text\":\"<p>Na tabela abaixo pode ver o di\\u00e2metro e circunfer\\u00eancia correspondente a cada uma das nossas medidas de an\\u00e9is.<\\\/p><table style=\\\"text-align: center; width: 100%; table-layout: fixed; font-size: 0.8em; letter-spacing: 1px; line-height: 1em;\\\"><tbody><tr><th><span style=\\\"font-size: 11.2px; letter-spacing: 1px;\\\">Diametro<\\\/span><br style=\\\"font-size: 11.2px; letter-spacing: 1px;\\\" \\\/><span style=\\\"font-size: 11.2px; letter-spacing: 1px;\\\">mm<\\\/span><\\\/th><th><p style=\\\"font-size: 11.2px; font-style: normal; letter-spacing: 1px;\\\">Circunfer\\u00eancia<\\\/p><p style=\\\"font-size: 11.2px; font-style: normal; letter-spacing: 1px;\\\">mm<\\\/p><\\\/th><th><p style=\\\"font-size: 11.2px; font-style: normal; letter-spacing: 1px;\\\">Diametro<\\\/p><p style=\\\"font-size: 11.2px; font-style: normal; letter-spacing: 1px;\\\">inches<\\\/p><\\\/th><th><span style=\\\"font-size: 11.2px; letter-spacing: 1px;\\\">PT<\\\/span><\\\/th><th><span style=\\\"font-size: 11.2px; letter-spacing: 1px;\\\">ES\\\/IT<\\\/span><\\\/th><th><span style=\\\"font-size: 11.2px; letter-spacing: 1px;\\\">FR\\\/GE<\\\/span><\\\/th><th><span style=\\\"font-size: 11.2px; letter-spacing: 1px;\\\">UK\\\/AUS<\\\/span><\\\/th><th><span style=\\\"font-size: 11.2px; letter-spacing: 1px;\\\">CAN<\\\/span><\\\/th><th><span style=\\\"font-size: 11.2px; letter-spacing: 1px;\\\">USA<\\\/span><\\\/th><th><span style=\\\"font-size: 11.2px; letter-spacing: 1px;\\\">JP\\\/CHINA<\\\/span><\\\/th><\\\/tr><\\\/tbody><tbody><tr><td>14 mm<\\\/td><td>44.0 mm<\\\/td><td>1.73 inch<\\\/td><td>4<\\\/td><td>4<\\\/td><td>44<\\\/td><td>F<\\\/td><td>3<\\\/td><td>3<\\\/td><td>4<\\\/td><\\\/tr><tr><td>15<span style=\\\"letter-spacing: 1.3px;\\\">\\u00a0mm<\\\/span><\\\/td><td>47.1\\u00a0mm<\\\/td><td>1.85\\u00a0inch<\\\/td><td>7<\\\/td><td>7<\\\/td><td>47<\\\/td><td>H<\\\/td><td>4<\\\/td><td>4<\\\/td><td>7<\\\/td><\\\/tr><tr><td>16<span style=\\\"letter-spacing: 1.3px;\\\">\\u00a0mm<\\\/span><\\\/td><td>50.3\\u00a0mm<\\\/td><td>1.98\\u00a0inch<\\\/td><td>10<\\\/td><td>10<\\\/td><td>50<\\\/td><td>J<\\\/td><td>5<\\\/td><td>5<\\\/td><td>10<\\\/td><\\\/tr><tr><td>17<span style=\\\"letter-spacing: 1.3px;\\\">\\u00a0mm<\\\/span><\\\/td><td>53.4\\u00a0mm<\\\/td><td>2.10\\u00a0inch<\\\/td><td>13<\\\/td><td>13<\\\/td><td>53<\\\/td><td>M<\\\/td><td>6<\\\/td><td>6<\\\/td><td>13<\\\/td><\\\/tr><tr><td>18<span style=\\\"letter-spacing: 1.3px;\\\">\\u00a0mm<\\\/span><\\\/td><td>56.5\\u00a0mm<\\\/td><td>2.22\\u00a0inch<\\\/td><td>16<\\\/td><td>16<\\\/td><td>56<\\\/td><td>P<\\\/td><td>7<\\\/td><td>7<\\\/td><td>16<\\\/td><\\\/tr><tr><td>19<span style=\\\"letter-spacing: 1.3px;\\\">\\u00a0mm<\\\/span><\\\/td><td>59.7\\u00a0mm<\\\/td><td>2.35\\u00a0inch<\\\/td><td>19<\\\/td><td>19<\\\/td><td>59<\\\/td><td>R<\\\/td><td>8<\\\/td><td>8<\\\/td><td>19<\\\/td><\\\/tr><tr><td>20<span style=\\\"letter-spacing: 1.3px;\\\">\\u00a0mm<\\\/span><\\\/td><td>62.8\\u00a0mm<\\\/td><td>2.47\\u00a0inch<\\\/td><td>22<\\\/td><td>22<\\\/td><td>62<\\\/td><td>T<\\\/td><td>9<\\\/td><td>9<\\\/td><td>22<\\\/td><\\\/tr><tr><td>21<span style=\\\"letter-spacing: 1.3px;\\\">\\u00a0mm<\\\/span><\\\/td><td>66.0\\u00a0mm<\\\/td><td>2.60\\u00a0inch<\\\/td><td>25<\\\/td><td>25<\\\/td><td>66<\\\/td><td>V<\\\/td><td>10<\\\/td><td>10<\\\/td><td>25<\\\/td><\\\/tr><\\\/tbody><\\\/table>\"}},{\"@type\":\"Question\",\"name\":\"Ter em aten\\u00e7\\u00e3o\",\"acceptedAnswer\":{\"@type\":\"Answer\",\"text\":\"<p>As flutua\\u00e7\\u00f5es de tamanho como incha\\u00e7o ou retrac\\u00e7\\u00e3o dos tecidos podem ocorrer em per\\u00edodos espec\\u00edficos como a gravidez, dieta ou medica\\u00e7\\u00e3o.<\\\/p><p>De acordo com o momento do dia em que tira a medida os valores podem flutuar, pelo que aconselhamos a realizar medi\\u00e7\\u00f5es em diferentes momentos do dia para garantir um tamanho mais confort\\u00e1vel.<\\\/p><p>Se o anel que pretende tiver uma largura superior ao medidor que est\\u00e1 a utilizar, o tamanho seleccionado dever\\u00e1 ser cerca de um tamanho acima. Os an\\u00e9is mais largos ficar\\u00e3o mais apertados no dedo em compara\\u00e7\\u00e3o a modelos mais estreitos.<\\\/p>\"}}]}<\/script>\n\t\t\t\t\t<\/div>\n\t\t\t\t\t\t<\/div>\n\t\t\t\t<\/div>\n\t\t\t\t<div class=\"elementor-element elementor-element-39ec786 elementor-widget-divider--view-line elementor-widget elementor-widget-divider\" data-id=\"39ec786\" data-element_type=\"widget\" data-e-type=\"widget\" data-widget_type=\"divider.default\">\n\t\t\t\t<div class=\"elementor-widget-container\">\n\t\t\t\t\t\t\t<div class=\"elementor-divider\">\n\t\t\t<span class=\"elementor-divider-separator\">\n\t\t\t\t\t\t<\/span>\n\t\t<\/div>\n\t\t\t\t\t\t<\/div>\n\t\t\t\t<\/div>\n\t\t\t\t\t<\/div>\n\t\t<\/div>\n\t\t\t\t\t<\/div>\n\t\t<\/section>\n\t\t\t\t<\/div>\n\t\t","protected":false},"excerpt":{"rendered":"<p>como saber o meu tamanho?\u200b Tem um anel com a medida que pretende? Para saber qual o tamanho do anel que pretende comprar, basta pegar no anel cujo tamanho \u00e9 o que pretende e medir o di\u00e2metro interno. Depois de obter a medida basta ver a tabela abaixo e ver a que tamanho corresponde. N\u00e3o [&hellip;]<\/p>\n","protected":false},"author":1,"featured_media":0,"parent":0,"menu_order":0,"comment_status":"closed","ping_status":"closed","template":"","meta":{"two_page_speed":[],"footnotes":""},"class_list":["post-409","page","type-page","status-publish","hentry"],"_links":{"self":[{"href":"https:\/\/thenonamebrand-concept.com\/en\/wp-json\/wp\/v2\/pages\/409","targetHints":{"allow":["GET"]}}],"collection":[{"href":"https:\/\/thenonamebrand-concept.com\/en\/wp-json\/wp\/v2\/pages"}],"about":[{"href":"https:\/\/thenonamebrand-concept.com\/en\/wp-json\/wp\/v2\/types\/page"}],"author":[{"embeddable":true,"href":"https:\/\/thenonamebrand-concept.com\/en\/wp-json\/wp\/v2\/users\/1"}],"replies":[{"embeddable":true,"href":"https:\/\/thenonamebrand-concept.com\/en\/wp-json\/wp\/v2\/comments?post=409"}],"version-history":[{"count":22,"href":"https:\/\/thenonamebrand-concept.com\/en\/wp-json\/wp\/v2\/pages\/409\/revisions"}],"predecessor-version":[{"id":15512,"href":"https:\/\/thenonamebrand-concept.com\/en\/wp-json\/wp\/v2\/pages\/409\/revisions\/15512"}],"wp:attachment":[{"href":"https:\/\/thenonamebrand-concept.com\/en\/wp-json\/wp\/v2\/media?parent=409"}],"curies":[{"name":"wp","href":"https:\/\/api.w.org\/{rel}","templated":true}]}}